{"id":3846,"date":"2019-06-25T13:37:27","date_gmt":"2019-06-25T11:37:27","guid":{"rendered":"https:\/\/ziololek.pl\/?page_id=3846"},"modified":"2020-10-26T09:46:36","modified_gmt":"2020-10-26T08:46:36","slug":"dotacje-unijne","status":"publish","type":"page","link":"https:\/\/ziololek.pl\/en\/dotacje-unijne\/","title":{"rendered":"Dotacje unijne"},"content":{"rendered":"\r\n\r\n\r\n<p style=\"text-align: center;\">Beneficjent P.F. &#8220;ZIO\u0141OLEK&#8221; Sp. z o.o. realizuje projekt pn.:<\/p>\r\n<p style=\"text-align: center;\">\u201eDotacja na kapita\u0142 obrotowy dla PRZEDSI\u0118BIORSTWO FARMACEUTYCZNE &#8220;ZIO\u0141OLEK&#8221; SP\u00d3\u0141KA Z<\/p>\r\n<p style=\"text-align: center;\">OGRANICZON\u0104 ODPOWIEDZIALNOSCI\u0104\u201d<\/p>\r\n<p style=\"text-align: center;\">w ramach Programu Operacyjnego Inteligentny Rozw\u00f3j na lata 2014 &#8211; 2020, Poddzia\u0142anie 3.4<\/p>\r\n<p style=\"text-align: center;\">Cel projektu: wsparcie przedsi\u0119biorcy w zakresie zapewnienia p\u0142ynno\u015bci finansowej oraz wsparcia bie\u017c\u0105cej dzia\u0142alno\u015bci w zwi\u0105zku z trudno\u015bciami finansowymi, kt\u00f3re wyst\u0105pi\u0142y u przedsi\u0119biorcy wskutek epidemii COVID-19.<\/p>\r\n<p style=\"text-align: center;\">Planowane efekty projektu: utrzymanie dalszej dzia\u0142alno\u015bci przedsi\u0119biorstwa.<\/p>\r\n<p style=\"text-align: center;\">Warto\u015b\u0107 projektu: 287\u00a0659,95 PLN<\/p>\r\n<p style=\"text-align: center;\">Wk\u0142ad Funduszy Europejskich: 287\u00a0659,95 PLN<\/p>\r\n<p style=\"text-align: center;\">Projekt realizowany w okresie 01.07.2020 r. \u2013 30.09.2020 r.<\/p>\r\n<p><img decoding=\"async\" class=\"wp-image-5792 aligncenter\" src=\"https:\/\/ziololek.pl\/wp-content\/uploads\/2020\/10\/Projekt-bez-tytulu1-1.png\" alt=\"Logo Unia\" \/><\/p>\r\n<p>&nbsp;<\/p>\r\n\r\n<p style=\"text-align: center;\">P.F. Zio\u0142olek Sp. z o.o. realizuje strategi\u0119 ekspansji marki LINOMAG na rynek ZEA przy wsparciu \u015brodk\u00f3w unijnych w ramach projektu Polskie Mosty Technologiczne<\/p>\r\n<!-- \/wp:paragraph -->\r\n\r\n<!-- wp:paragraph {\"align\":\"center\"} -->\r\n<p style=\"text-align: center;\">Projekt Polskie Mosty Technologiczne wsp\u00f3\u0142finansowany jest z Europejskiego Funduszu Rozwoju Regionalnego w ramach III Osi priorytetowej Wsparcie innowacji w przedsi\u0119biorstwach, Dzia\u0142anie: 3.3. Wsparcie promocji oraz internacjonalizacji innowacyjnych przedsi\u0119biorstw Programu Operacyjnego Inteligentny Rozw\u00f3j 2014-2020. PMT zostanie zrealizowany w latach 2018-2023.\u00a0Kwota dofinansowania 200 000,00 PLN.<\/p>\r\n<p><img decoding=\"async\" loading=\"lazy\" width=\"1255\" height=\"128\" class=\"wp-image-5792 aligncenter\" src=\"https:\/\/ziololek.pl\/wp-content\/uploads\/2020\/01\/UniaLogotypy1.png\" alt=\"Logo Unia\" srcset=\"https:\/\/ziololek.pl\/wp-content\/uploads\/2020\/01\/UniaLogotypy1.png 1255w, https:\/\/ziololek.pl\/wp-content\/uploads\/2020\/01\/UniaLogotypy1-600x61.png 600w, https:\/\/ziololek.pl\/wp-content\/uploads\/2020\/01\/UniaLogotypy1-300x31.png 300w, https:\/\/ziololek.pl\/wp-content\/uploads\/2020\/01\/UniaLogotypy1-1024x104.png 1024w, https:\/\/ziololek.pl\/wp-content\/uploads\/2020\/01\/UniaLogotypy1-768x78.png 768w, https:\/\/ziololek.pl\/wp-content\/uploads\/2020\/01\/UniaLogotypy1-100x10.png 100w\" sizes=\"(max-width: 1255px) 100vw, 1255px\" \/><\/p>\r\n<p style=\"text-align: center;\">P.F. Zio\u0142olek Sp. z o.o. realizuje strategi\u0119 ekspansji marki LINOMAG na rynek Ukrainy przy wsparciu \u015brodk\u00f3w unijnych w ramach projektu Polskie Mosty Technologiczne<\/p>\r\n<p style=\"text-align: center;\"><!-- \/wp:paragraph -->\r\n\r\n<!-- wp:paragraph {\"align\":\"center\"} --><\/p>\r\n<p style=\"text-align: center;\">Projekt Polskie Mosty Technologiczne wsp\u00f3\u0142finansowany jest z Europejskiego Funduszu Rozwoju Regionalnego w ramach III Osi priorytetowej Wsparcie innowacji w przedsi\u0119biorstwach, Dzia\u0142anie: 3.3. Wsparcie promocji oraz internacjonalizacji innowacyjnych przedsi\u0119biorstw Programu Operacyjnego Inteligentny Rozw\u00f3j 2014-2020. PMT zostanie zrealizowany w latach 2018-2023.\u00a0Kwota dofinansowania 200 000,00 PLN.<\/p>\r\n<p><img decoding=\"async\" loading=\"lazy\" width=\"1255\" height=\"128\" class=\"wp-image-5792 aligncenter\" src=\"https:\/\/ziololek.pl\/wp-content\/uploads\/2020\/01\/UniaLogotypy1.png\" alt=\"Logo Unia\" srcset=\"https:\/\/ziololek.pl\/wp-content\/uploads\/2020\/01\/UniaLogotypy1.png 1255w, https:\/\/ziololek.pl\/wp-content\/uploads\/2020\/01\/UniaLogotypy1-600x61.png 600w, https:\/\/ziololek.pl\/wp-content\/uploads\/2020\/01\/UniaLogotypy1-300x31.png 300w, https:\/\/ziololek.pl\/wp-content\/uploads\/2020\/01\/UniaLogotypy1-1024x104.png 1024w, https:\/\/ziololek.pl\/wp-content\/uploads\/2020\/01\/UniaLogotypy1-768x78.png 768w, https:\/\/ziololek.pl\/wp-content\/uploads\/2020\/01\/UniaLogotypy1-100x10.png 100w\" sizes=\"(max-width: 1255px) 100vw, 1255px\" \/><\/p>\r\n<p>PRZEDSI\u0118BIORSTWO FARMACEUTYCZNE \u201eZIO\u0141OLEK\u201d SP\u00d3\u0141KA Z OGRANICZON\u0104 ODPOWIEDZIALNO\u015aCI\u0104 implements a project co-founded by the European Funds entitled \u201eThe development of the P. F. ZIO\u0141OLEK by promoting LINOMAG\u00ae and LINODERM\u00ae in international markets\u201d (polish project title \u201eRozw\u00f3j PRZEDI\u0118BIORSTWA FARMACEUTYCZNEGO ZIO\u0141OLEK poprzez promocj\u0119 marek LINOMAG\u00ae i LINODERM\u00ae na rynkach mi\u0119dzynarodowych\u201d).<br \/>The aim of the project is to develop the company through export due to its participation in the Cosmetics Industry Promotion Programme and the promotion of the Polish Product Brand.<\/p>\r\n<p>The amount of funding from the EU: 106 260,00 PLN.<\/p>\r\n<p>The total project amount:\u00a0177 100,00 PLN<\/p>\r\n<p><img decoding=\"async\" loading=\"lazy\" width=\"1255\" height=\"128\" class=\"wp-image-5792 aligncenter\" src=\"https:\/\/ziololek.pl\/wp-content\/uploads\/2020\/01\/UniaLogotypy1.png\" alt=\"Logo Unia\" srcset=\"https:\/\/ziololek.pl\/wp-content\/uploads\/2020\/01\/UniaLogotypy1.png 1255w, https:\/\/ziololek.pl\/wp-content\/uploads\/2020\/01\/UniaLogotypy1-600x61.png 600w, https:\/\/ziololek.pl\/wp-content\/uploads\/2020\/01\/UniaLogotypy1-300x31.png 300w, https:\/\/ziololek.pl\/wp-content\/uploads\/2020\/01\/UniaLogotypy1-1024x104.png 1024w, https:\/\/ziololek.pl\/wp-content\/uploads\/2020\/01\/UniaLogotypy1-768x78.png 768w, https:\/\/ziololek.pl\/wp-content\/uploads\/2020\/01\/UniaLogotypy1-100x10.png 100w\" sizes=\"(max-width: 1255px) 100vw, 1255px\" \/><\/p>\r\n<!-- \/wp:paragraph -->","protected":false},"excerpt":{"rendered":"<p>Beneficjent P.F. &#8220;ZIO\u0141OLEK&#8221; Sp. z o.o. realizuje projekt pn.: \u201eDotacja na kapita\u0142 obrotowy dla PRZEDSI\u0118BIORSTWO FARMACEUTYCZNE &#8220;ZIO\u0141OLEK&#8221; SP\u00d3\u0141KA Z OGRANICZON\u0104 ODPOWIEDZIALNOSCI\u0104\u201d w ramach Programu Operacyjnego Inteligentny Rozw\u00f3j na lata 2014 &#8211; 2020, Poddzia\u0142anie 3.4 Cel projektu: wsparcie przedsi\u0119biorcy w zakresie zapewnienia p\u0142ynno\u015bci finansowej oraz wsparcia bie\u017c\u0105cej dzia\u0142alno\u015bci w zwi\u0105zku z trudno\u015bciami finansowymi, kt\u00f3re wyst\u0105pi\u0142y u [&hellip;]<\/p>\n","protected":false},"author":1,"featured_media":0,"parent":0,"menu_order":0,"comment_status":"closed","ping_status":"closed","template":"","meta":{"footnotes":""},"acf":[],"_links":{"self":[{"href":"https:\/\/ziololek.pl\/en\/wp-json\/wp\/v2\/pages\/3846"}],"collection":[{"href":"https:\/\/ziololek.pl\/en\/wp-json\/wp\/v2\/pages"}],"about":[{"href":"https:\/\/ziololek.pl\/en\/wp-json\/wp\/v2\/types\/page"}],"author":[{"embeddable":true,"href":"https:\/\/ziololek.pl\/en\/wp-json\/wp\/v2\/users\/1"}],"replies":[{"embeddable":true,"href":"https:\/\/ziololek.pl\/en\/wp-json\/wp\/v2\/comments?post=3846"}],"version-history":[{"count":24,"href":"https:\/\/ziololek.pl\/en\/wp-json\/wp\/v2\/pages\/3846\/revisions"}],"predecessor-version":[{"id":8212,"href":"https:\/\/ziololek.pl\/en\/wp-json\/wp\/v2\/pages\/3846\/revisions\/8212"}],"wp:attachment":[{"href":"https:\/\/ziololek.pl\/en\/wp-json\/wp\/v2\/media?parent=3846"}],"curies":[{"name":"wp","href":"https:\/\/api.w.org\/{rel}","templated":true}]}}