{"id":13084,"date":"2022-10-06T14:19:58","date_gmt":"2022-10-06T12:19:58","guid":{"rendered":"https:\/\/ziololek.pl\/?post_type=product&#038;p=13084"},"modified":"2023-07-20T13:49:42","modified_gmt":"2023-07-20T11:49:42","slug":"%d0%bf%d0%be%d0%b4%d0%b0%d1%80%d0%be%d1%87%d0%bd%d1%8b%d0%b9-%d0%ba%d0%be%d0%bc%d0%bf%d0%bb%d0%b5%d0%ba%d1%82-kopia-2","status":"publish","type":"product","link":"https:\/\/ziololek.pl\/ru\/produkt\/%d0%bf%d0%be%d0%b4%d0%b0%d1%80%d0%be%d1%87%d0%bd%d1%8b%d0%b9-%d0%ba%d0%be%d0%bc%d0%bf%d0%bb%d0%b5%d0%ba%d1%82-kopia-2\/","title":{"rendered":"\u041f\u041e\u0414\u0410\u0420\u041e\u0427\u041d\u042b\u0419 \u041d\u0410\u0411\u041e\u0420"},"content":{"rendered":"<p>\u041a\u043e\u043c\u043f\u043b\u0435\u043a\u0442 \u0438\u0437 \u00a04 \u044d\u043c\u043e\u043b\u0435\u043d\u0442\u043e\u0432,\u00a0 \u043f\u0440\u0435\u0434\u043d\u0430\u0437\u043d\u0430\u0447\u0435\u043d\u043d\u044b\u0445 \u0434\u043b\u044f \u0434\u0435\u0442\u0435\u0439 \u0438 \u043c\u043b\u0430\u0434\u0435\u043d\u0446\u0435\u0432, \u043a\u043e\u0442\u043e\u0440\u044b\u0435 \u0441\u043e\u0434\u0435\u0440\u0436\u0430\u0442 \u043d\u0430\u0442\u0443\u0440\u0430\u043b\u044c\u043d\u044b\u0439 \u0430\u043a\u0442\u0438\u0432\u043d\u044b\u0439 \u043a\u043e\u043c\u043f\u043e\u043d\u0435\u043d\u0442 \u2013 \u00a0\u043b\u044c\u043d\u044f\u043d\u043e\u0435 \u043c\u0430\u0441\u043b\u043e, \u0431\u043e\u0433\u0430\u0442\u043e\u0435\u00a0 \u043d\u0435\u043e\u0431\u0445\u043e\u0434\u0438\u043c\u044b\u043c\u0438 \u043d\u0430\u0441\u044b\u0449\u0435\u043d\u043d\u044b\u043c\u0438 \u0436\u0438\u0440\u043d\u044b\u043c\u0438 \u043a\u0438\u0441\u043b\u043e\u0442\u0430\u043c\u0438, \u0432 \u0442\u043e\u043c \u0447\u0438\u0441\u043b\u0435 \u043a\u0438\u0441\u043b\u043e\u0442\u0430\u043c\u0438\u00a0 \u043e\u043c\u0435\u0433\u0430-3 \u0438 \u043e\u043c\u0435\u0433\u0430-6<\/p>\n<ul>\n<li>\u041f\u0440\u0435\u0434\u043d\u0430\u0437\u043d\u0430\u0447\u0435\u043d\u043d\u044b\u0435 \u0434\u043b\u044f \u0447\u0443\u0432\u0441\u0442\u0432\u0438\u0442\u0435\u043b\u044c\u043d\u043e\u0439, \u0441\u0443\u0445\u043e\u0439 \u0438 \u0430\u043b\u043b\u0435\u0440\u0433\u0438\u0447\u0435\u0441\u043a\u043e\u0439 \u043a\u043e\u0436\u0438<\/li>\n<li>\u0411\u0435\u0437\u043e\u043f\u0430\u0441\u043d\u044b\u0435 \u0438 \u0445\u043e\u0440\u043e\u0448\u043e \u043f\u0435\u0440\u0435\u043d\u043e\u0441\u0438\u043c\u044b\u0435<\/li>\n<li>\u0413\u0438\u043f\u043e\u0430\u043b\u043b\u0435\u0440\u0433\u0438\u0447\u0435\u0441\u043a\u0438\u0435<\/li>\n<\/ul>\n<p>\u0412 \u043a\u043e\u043c\u043f\u043b\u0435\u043a\u0442\u0435 \u043d\u0430\u0445\u043e\u0434\u044f\u0442\u0441\u044f:<\/p>\n<ul>\n<li>LINOMAG\u00ae \u0413\u0435\u043b\u044c \u0434\u043b\u044f \u043c\u044b\u0442\u044c\u044f \u0442\u0435\u043b\u0430 \u0438 \u0433\u043e\u043b\u043e\u0432\u044b<\/li>\n<li>LINOMAG\u00ae \u041c\u0430\u0441\u043b\u043e<\/li>\n<li>LINOMAG\u00ae BOBO A+E<\/li>\n<li>LINOMAG\u00ae \u041a\u0440\u0435\u043c \u0441 \u043e\u043a\u0441\u0438\u0434\u043e\u043c \u0446\u0438\u043d\u043a\u0430<\/li>\n<\/ul>\n","protected":false},"excerpt":{"rendered":"<p>Wyprawka to \u015bwietny pomys\u0142 na <strong>prezent<\/strong> dla przysz\u0142ych lub \u015bwie\u017co upieczonych rodzic\u00f3w. W jednym opakowaniu znajduj\u0105 si\u0119 4 emolienty przeznaczone do podstawowej piel\u0119gnacji sk\u00f3ry noworodka \u00a0ju\u017c od 1. dnia \u017cycia oraz p\u0142yta <strong>DVD<\/strong> z instrukta\u017cem <strong>udzielania pierwszej pomocy<\/strong>\u00a0niemowl\u0119tom. Tak praktyczny prezent ucieszy ka\u017cd\u0105 MAM\u0118.<\/p>\n","protected":false},"featured_media":13097,"comment_status":"open","ping_status":"closed","template":"","meta":[],"product_cat":[537],"product_tag":[],"acf":[],"_links":{"self":[{"href":"https:\/\/ziololek.pl\/ru\/wp-json\/wp\/v2\/product\/13084"}],"collection":[{"href":"https:\/\/ziololek.pl\/ru\/wp-json\/wp\/v2\/product"}],"about":[{"href":"https:\/\/ziololek.pl\/ru\/wp-json\/wp\/v2\/types\/product"}],"replies":[{"embeddable":true,"href":"https:\/\/ziololek.pl\/ru\/wp-json\/wp\/v2\/comments?post=13084"}],"wp:featuredmedia":[{"embeddable":true,"href":"https:\/\/ziololek.pl\/ru\/wp-json\/wp\/v2\/media\/13097"}],"wp:attachment":[{"href":"https:\/\/ziololek.pl\/ru\/wp-json\/wp\/v2\/media?parent=13084"}],"wp:term":[{"taxonomy":"product_cat","embeddable":true,"href":"https:\/\/ziololek.pl\/ru\/wp-json\/wp\/v2\/product_cat?post=13084"},{"taxonomy":"product_tag","embeddable":true,"href":"https:\/\/ziololek.pl\/ru\/wp-json\/wp\/v2\/product_tag?post=13084"}],"curies":[{"name":"wp","href":"https:\/\/api.w.org\/{rel}","templated":true}]}}