{"id":1506,"date":"2018-08-01T11:12:31","date_gmt":"2018-08-01T09:12:31","guid":{"rendered":"https:\/\/ziololek.pl\/?post_type=product&#038;p=1506"},"modified":"2020-05-07T22:32:26","modified_gmt":"2020-05-07T20:32:26","slug":"linomag-masc","status":"publish","type":"product","link":"https:\/\/ziololek.pl\/ru\/produkt\/linomag-masc\/","title":{"rendered":"LINOMAG\u00ae ma\u015b\u0107"},"content":{"rendered":"<p><strong>WSKAZANIA DO STOSOWANIA LEKU:<br \/>\n<\/strong><\/p>\n<p>Wspomagaj\u0105co w chorobach sk\u00f3ry, takich jak:<\/p>\n<ul>\n<li>Wyprysk<\/li>\n<li>Wyprzenia<\/li>\n<li>Odparzenia<\/li>\n<li>Stany nadmiernej sucho\u015bci sk\u00f3ry<\/li>\n<li>\u0141agodzenie objaw\u00f3w \u0142uszczycy<\/li>\n<\/ul>\n<p>Lek mo\u017cna stosowa\u0107 u dzieci i niemowl\u0105t w stanach nadmiernej sucho\u015bci sk\u00f3ry. W pozosta\u0142ych wskazaniach przed zastosowaniem, nale\u017cy skonsultowa\u0107 si\u0119 z lekarzem.<\/p>\n<p>Wielonienasycone egzogenne kwasy t\u0142uszczowe wchodz\u0105ce w sk\u0142ad substancji czynnej, poprzez sw\u00f3j udzia\u0142<br \/>\nw metabolizmie lipid\u00f3w s\u0105 niezb\u0119dne do utrzymania prawid\u0142owego stanu sk\u00f3ry.<\/p>\n<p><strong>Dost\u0119pne opakowania:<\/strong> 30 g, 100 g<\/p>\n<p><strong>Przeciwwskazania:<\/strong> Wyprysk \u0142ojotokowy. Uczulenie na substancj\u0119 czynn\u0105 lub kt\u00f3rykolwiek z pozosta\u0142ych sk\u0142adnik\u00f3w tego leku.<\/p>\n<p><strong>Dawkowanie:<\/strong> W zale\u017cno\u015bci od rodzaju schorze\u0144 stosowa\u0107 jeden do trzech razy na dob\u0119.\u00a0W \u0142uszczycy i wyprysku u dzieci i niemowl\u0105t wskazane stosowanie ma\u015bci dwa do trzech razy na dob\u0119.<\/p>\n<p><strong>Spos\u00f3b podawania:<\/strong><br \/>\nZewn\u0119trznie: do tampon\u00f3w i wcierania.<br \/>\nLekko rozprowadzi\u0107 cienk\u0105 warstw\u0119 ma\u015bci bezpo\u015brednio na zmienion\u0105 chorobowo powierzchni\u0119 sk\u00f3ry lub na\u0142o\u017cy\u0107 grub\u0105 warstw\u0119 na stosowanym opatrunku.<\/p>\n<p><em>Przed u\u017cyciem zapoznaj si\u0119 z ulotk\u0105, kt\u00f3ra zawiera wskazania, przeciwwskazania, dane dotycz\u0105ce dzia\u0142a\u0144 niepo\u017c\u0105danych i dawkowanie oraz informacje dotycz\u0105ce stosowania produktu leczniczego b\u0105d\u017a skonsultuj si\u0119 z lekarzem lub farmaceut\u0105, gdy\u017c ka\u017cdy lek niew\u0142a\u015bciwie stosowany zagra\u017ca Twojemu \u017cyciu lub zdrowiu.<\/em><\/p>\n","protected":false},"excerpt":{"rendered":"<p><strong>LINOMAG<sup>\u00ae <\/sup>ma\u015b\u0107,<\/strong>\u00a0200 mg\/g<\/p>\n","protected":false},"featured_media":1508,"comment_status":"open","ping_status":"closed","template":"","meta":[],"product_cat":[750],"product_tag":[],"acf":[],"_links":{"self":[{"href":"https:\/\/ziololek.pl\/ru\/wp-json\/wp\/v2\/product\/1506"}],"collection":[{"href":"https:\/\/ziololek.pl\/ru\/wp-json\/wp\/v2\/product"}],"about":[{"href":"https:\/\/ziololek.pl\/ru\/wp-json\/wp\/v2\/types\/product"}],"replies":[{"embeddable":true,"href":"https:\/\/ziololek.pl\/ru\/wp-json\/wp\/v2\/comments?post=1506"}],"wp:featuredmedia":[{"embeddable":true,"href":"https:\/\/ziololek.pl\/ru\/wp-json\/wp\/v2\/media\/1508"}],"wp:attachment":[{"href":"https:\/\/ziololek.pl\/ru\/wp-json\/wp\/v2\/media?parent=1506"}],"wp:term":[{"taxonomy":"product_cat","embeddable":true,"href":"https:\/\/ziololek.pl\/ru\/wp-json\/wp\/v2\/product_cat?post=1506"},{"taxonomy":"product_tag","embeddable":true,"href":"https:\/\/ziololek.pl\/ru\/wp-json\/wp\/v2\/product_tag?post=1506"}],"curies":[{"name":"wp","href":"https:\/\/api.w.org\/{rel}","templated":true}]}}