{"id":1520,"date":"2018-08-01T11:15:14","date_gmt":"2018-08-01T09:15:14","guid":{"rendered":"https:\/\/ziololek.pl\/?post_type=product&#038;p=1520"},"modified":"2025-07-17T11:31:34","modified_gmt":"2025-07-17T09:31:34","slug":"linomag-krem","status":"publish","type":"product","link":"https:\/\/ziololek.pl\/ru\/produkt\/linomag-krem\/","title":{"rendered":"LINOMAG\u00ae krem"},"content":{"rendered":"<p><strong>LINOMAG<\/strong>\u00ae<\/p>\n<p><em>Lini oleum virginale,<\/em> krem 200 mg\/g<\/p>\n<p><em>P<\/em><em>rodukt leczniczy <\/em><\/p>\n<p>Produkt pokrywa nask\u00f3rek warstw\u0105 t\u0142uszczow\u0105, kt\u00f3ra <strong>zapobiega utracie wody i przywraca w\u0142a\u015bciwe uwodnienie<\/strong> nask\u00f3rka. Poprzez nat\u0142uszczenie i nawil\u017cenie zmniejsza jego sucho\u015b\u0107 i z\u0142uszczanie nask\u00f3rka, redukuj\u0105c wp\u0142yw niekorzystnego dzia\u0142ania czynnik\u00f3w zewn\u0119trznych. <strong>Wielonienasycone egzogenne kwasy t\u0142uszczowe zawarte w preparacie normalizuj\u0105 funkcje sk\u00f3ry i przy\u015bpieszaj\u0105 jej regeneracj\u0119. Dzia\u0142anie to zale\u017cy w g\u0142\u00f3wnej mierze od zawarto\u015bci niezb\u0119dnych nienasyconych kwas\u00f3w t\u0142uszczowych: kwasu linolowego i kwasu linolenowego. Kwasy te wp\u0142ywaj\u0105 r\u00f3wnie\u017c korzystnie na utrzymanie i regeneracj\u0119 naturalnej bariery sk\u00f3ry.<\/strong><\/p>\n<p><strong>Wskazania:<\/strong> Wspomagaj\u0105co w chorobach sk\u00f3ry, takich jak wyprysk, wyprzenia i odparzenia. Stany nadmiernej sucho\u015bci sk\u00f3ry. \u0141agodzenie objaw\u00f3w \u0142uszczycy.<\/p>\n<p><strong>Dawkowanie i spos\u00f3b podania:<\/strong> W zale\u017cno\u015bci od rodzaju schorzenia stosowa\u0107 jeden do trzech razy na dob\u0119. Podanie na sk\u00f3r\u0119. Zewn\u0119trznie: do tampon\u00f3w i wcierania. Nak\u0142ada\u0107 pasek kremu o d\u0142ugo\u015bci nie wi\u0119kszej ni\u017c 2 cm wyci\u015bni\u0119ty z tuby. Lekko rozprowadzi\u0107 cienk\u0105 warstw\u0119 kremu bezpo\u015brednio na zmienion\u0105 chorobowo powierzchni\u0119 sk\u00f3ry lub na\u0142o\u017cy\u0107 grub\u0105 warstw\u0119 na stosowanym opatrunku. <strong>Przeciwwskazania: <\/strong>Wyprysk \u0142ojotokowy. Nadwra\u017cliwo\u015b\u0107 na substancj\u0119 czynn\u0105, uczulenie na lanolin\u0119 lub na kt\u00f3r\u0105kolwiek substancj\u0119 pomocnicz\u0105. Nie stosowa\u0107 u dzieci w wieku poni\u017cej 12 lat ze wzgl\u0119du na zawarto\u015b\u0107 boru, kt\u00f3ry mo\u017ce powodowa\u0107 zaburzenia p\u0142odno\u015bci. Lek mo\u017ce powodowa\u0107 miejscowe reakcje sk\u00f3rne (np. kontaktowe zapalenie sk\u00f3ry).<\/p>\n<p><strong>Specjalne ostrze\u017cenia i \u015brodki ostro\u017cno\u015bci dotycz\u0105ce stosowania: <\/strong>Zaleca si\u0119 ostro\u017cno\u015b\u0107 podczas d\u0142ugotrwa\u0142ego stosowania leku na du\u017ce powierzchnie uszkodzonej sk\u00f3ry, poniewa\u017c zawarty w kremie kwas borny \u0142atwo wch\u0142ania si\u0119 z b\u0142on \u015bluzowych i przez uszkodzon\u0105 sk\u00f3r\u0119.<\/p>\n<p><strong>Dzia\u0142ania niepo\u017c\u0105dane: <\/strong>Brak danych na temat doniesie\u0144 o wyst\u0119powaniu dzia\u0142a\u0144 niepo\u017c\u0105danych.<\/p>\n<p><strong>Podmiot odpowiedzialny:<\/strong> Przedsi\u0119biorstwo Farmaceutyczne \u201eZio\u0142olek\u201d Sp. z o.o., ul. Staro\u0142\u0119cka 189, 61-341 Pozna\u0144<\/p>\n<p><strong>Pozwolenie<\/strong> nr R\/2585 wydane przez Prezesa URPL WMiBP. Data wydania pierwszego pozwolenia na dopuszczenie do obrotu: 8 marca 1958 r. Data przed\u0142u\u017cenia pozwolenia na czas nieokre\u015blony: 17 lipca 2013 r.<\/p>\n<p><strong>Kategoria dost\u0119pno\u015bci leku:<\/strong> lek OTC \u2013 produkt lecznicy dost\u0119pny bez przepisu lekarza.<\/p>\n<p>Posta\u0107 farmaceutyczna: krem 30 g, 100 g<\/p>\n<p>&nbsp;<\/p>\n<p><em>To jest lek. Dla bezpiecze\u0144stwa stosuj go zgodnie z ulotk\u0105 do\u0142\u0105czon\u0105 do opakowania. Nie przekraczaj maksymalnej dawki leku. W przypadku w\u0105tpliwo\u015bci skonsultuj si\u0119 z lekarzem lub farmaceut\u0105.<\/em><\/p>\n<p><strong>\u00a0<\/strong><\/p>\n","protected":false},"excerpt":{"rendered":"<p><strong>LINOMAG<sup>\u00ae <\/sup>krem,<\/strong>\u00a0200 mg\/g<\/p>\n","protected":false},"featured_media":1507,"comment_status":"open","ping_status":"closed","template":"","meta":[],"product_cat":[750],"product_tag":[],"acf":[],"_links":{"self":[{"href":"https:\/\/ziololek.pl\/ru\/wp-json\/wp\/v2\/product\/1520"}],"collection":[{"href":"https:\/\/ziololek.pl\/ru\/wp-json\/wp\/v2\/product"}],"about":[{"href":"https:\/\/ziololek.pl\/ru\/wp-json\/wp\/v2\/types\/product"}],"replies":[{"embeddable":true,"href":"https:\/\/ziololek.pl\/ru\/wp-json\/wp\/v2\/comments?post=1520"}],"wp:featuredmedia":[{"embeddable":true,"href":"https:\/\/ziololek.pl\/ru\/wp-json\/wp\/v2\/media\/1507"}],"wp:attachment":[{"href":"https:\/\/ziololek.pl\/ru\/wp-json\/wp\/v2\/media?parent=1520"}],"wp:term":[{"taxonomy":"product_cat","embeddable":true,"href":"https:\/\/ziololek.pl\/ru\/wp-json\/wp\/v2\/product_cat?post=1520"},{"taxonomy":"product_tag","embeddable":true,"href":"https:\/\/ziololek.pl\/ru\/wp-json\/wp\/v2\/product_tag?post=1520"}],"curies":[{"name":"wp","href":"https:\/\/api.w.org\/{rel}","templated":true}]}}