{"id":1534,"date":"2018-08-01T11:16:51","date_gmt":"2018-08-01T09:16:51","guid":{"rendered":"https:\/\/ziololek.pl\/?post_type=product&#038;p=1534"},"modified":"2025-07-17T11:42:52","modified_gmt":"2025-07-17T09:42:52","slug":"linomag-plyn-na-skore","status":"publish","type":"product","link":"https:\/\/ziololek.pl\/ru\/produkt\/linomag-plyn-na-skore\/","title":{"rendered":"LINOMAG\u00ae p\u0142yn na sk\u00f3r\u0119"},"content":{"rendered":"<p><strong>LINOMAG<\/strong>\u00ae<\/p>\n<p><em>Lini oleum virginale, <\/em>p\u0142yn na sk\u00f3r\u0119 1g\/g<\/p>\n<p>&nbsp;<\/p>\n<p><em>Produkt leczniczy<\/em><\/p>\n<p>Produkt pokrywa nask\u00f3rek warstw\u0105 t\u0142uszczow\u0105, kt\u00f3ra <strong>zapobiega utracie wody i przywraca w\u0142a\u015bciwe uwodnienie<\/strong> nask\u00f3rka. Poprzez nat\u0142uszczenie i nawil\u017cenie zmniejsza jego sucho\u015b\u0107 i z\u0142uszczanie nask\u00f3rka, redukuj\u0105c wp\u0142yw niekorzystnego dzia\u0142ania czynnik\u00f3w zewn\u0119trznych. <strong>Wielonienasycone egzogenne kwasy t\u0142uszczowe zawarte w preparacie normalizuj\u0105 funkcje sk\u00f3ry i przy\u015bpieszaj\u0105 jej regeneracj\u0119. Dzia\u0142anie to zale\u017cy w g\u0142\u00f3wnej mierze od zawarto\u015bci niezb\u0119dnych nienasyconych kwas\u00f3w t\u0142uszczowych: kwasu linolowego i kwasu linolenowego. Kwasy te wp\u0142ywaj\u0105 r\u00f3wnie\u017c korzystnie na utrzymanie i regeneracj\u0119 naturalnej bariery sk\u00f3ry.<\/strong><\/p>\n<p><strong>Wskazania:<\/strong> Wspomagaj\u0105co w chorobach sk\u00f3ry, takich jak wyprysk, wyprzenia i odparzenia. Stany nadmiernej sucho\u015bci sk\u00f3ry. \u0141agodzenie objaw\u00f3w \u0142uszczycy. Lek mo\u017cna stosowa\u0107 u dzieci i niemowl\u0105t w stanach nadmiernej sucho\u015bci sk\u00f3ry.<\/p>\n<p><strong>Dawkowanie i spos\u00f3b podania:<\/strong> Przymoczki nasycone 10 &#8211; 20 kroplami, a na wi\u0119ksze powierzchnie 30 &#8211; 40 kroplami zmienia si\u0119 2 &#8211; 4 razy na dob\u0119 lub wed\u0142ug wskaza\u0144 lekarza specjalisty. Podanie na sk\u00f3r\u0119. Zewn\u0119trznie: do p\u0119dzlowania, tampon\u00f3w, wcierania, przymoczek. Opatrunek powinien by\u0107 stale nasycony produktem. Opatrunek przyschni\u0119ty nale\u017cy wymienia\u0107 nawil\u017caj\u0105c go p\u0142ynem Linomag\u00ae.<\/p>\n<p><strong>Przeciwwskazania: <\/strong>Nadwra\u017cliwo\u015b\u0107 na substancj\u0119 czynn\u0105.<\/p>\n<p><strong>Specjalne ostrze\u017cenia i \u015brodki ostro\u017cno\u015bci dotycz\u0105ce stosowania:<\/strong> Nie stosowa\u0107 na sk\u00f3r\u0119 uszkodzon\u0105 (rany). Brak danych na temat innych ostrze\u017ce\u0144 zwi\u0105zanych ze stosowaniem leku.<\/p>\n<p><strong>Dzia\u0142ania niepo\u017c\u0105dane: <\/strong>Brak danych na temat doniesie\u0144 o wyst\u0119powaniu dzia\u0142a\u0144 niepo\u017c\u0105danych.<\/p>\n<p><strong>Podmiot odpowiedzialny:<\/strong> Przedsi\u0119biorstwo Farmaceutyczne \u201eZio\u0142olek\u201d Sp. z o.o., ul. Staro\u0142\u0119cka 189, 61-341 Pozna\u0144<\/p>\n<p><strong>Pozwolenie<\/strong> nr R\/2094 wydane przez Prezesa URPL WMiBP. Data wydania pierwszego pozwolenia na dopuszczenie do obrotu: 10 sierpnia 1956 r. Data przed\u0142u\u017cenia pozwolenia na czas nieokre\u015blony: 29 lipca 2013 r.<\/p>\n<p><strong>Kategoria dost\u0119pno\u015bci leku:<\/strong> lek OTC \u2013 produkt leczniczy dost\u0119pny bez przepisu lekarza.<\/p>\n<p>Posta\u0107 farmaceutyczna: p\u0142yn na sk\u00f3r\u0119 90 g<\/p>\n<p>&nbsp;<\/p>\n<p><em>To jest lek. Dla bezpiecze\u0144stwa stosuj go zgodnie z ulotk\u0105 do\u0142\u0105czon\u0105 do opakowania. Nie przekraczaj maksymalnej dawki leku. W przypadku w\u0105tpliwo\u015bci skonsultuj si\u0119 z lekarzem lub farmaceut\u0105.<\/em><\/p>\n<p>&nbsp;<\/p>\n<h3>\u015awiadectwa kontroli jako\u015bci:<\/h3>\n<p><a href=\"https:\/\/ziololek.pl\/wp-content\/uploads\/2018\/08\/Sw.-KJ-Linomag-Plyn-na-skore-seria-030824.-pdf.pdf\">030824<\/a><\/p>\n<p><a href=\"https:\/\/ziololek.pl\/wp-content\/uploads\/2018\/08\/20240731083723224.pdf\">040724<\/a><\/p>\n<p><a href=\"https:\/\/ziololek.pl\/wp-content\/uploads\/2018\/08\/Sw.-KJ-Linomag-Plyn-na-skore-seria-010624.-pdf.pdf\">010624<\/a><\/p>\n<p><a href=\"https:\/\/ziololek.pl\/wp-content\/uploads\/2018\/08\/Sw.-KJ-Linomag-Plyn-na-skore-seria-110624.-pdf.pdf\">110624<\/a><\/p>\n<p><a href=\"https:\/\/ziololek.pl\/wp-content\/uploads\/2018\/08\/Sw.-KJ-Linomag-Plyn-na-skore-seria-100624.-pdf.pdf\">100624<\/a><\/p>\n<p><a href=\"https:\/\/ziololek.pl\/wp-content\/uploads\/2018\/08\/Sw.-KJ-Linomag-Plyn-na-skore-seria-020624.-pdf.pdf\">020624<\/a><\/p>\n<p><a href=\"https:\/\/ziololek.pl\/wp-content\/uploads\/2018\/08\/Sw.-KJ-Linomag-plyn-na-skore-seria-010424.pdf\">010424<\/a><\/p>\n<p><a href=\"https:\/\/ziololek.pl\/wp-content\/uploads\/2018\/08\/Sw.-KJ-Linomag-plyn-na-skore-s.-010324.pdf\">010324<\/a><\/p>\n<p><a href=\"https:\/\/ziololek.pl\/wp-content\/uploads\/2018\/08\/Sw.KJ-Linomag-plyn-na-skore-90g-s.020424-.pdf\">020424<\/a><\/p>\n<p><a href=\"https:\/\/ziololek.pl\/wp-content\/uploads\/2018\/08\/Sw.-KJ-Linomag-Plyn-na-skore-90-g-s.-030324.pdf\">030324<\/a><\/p>\n<p><a href=\"https:\/\/ziololek.pl\/wp-content\/uploads\/2018\/08\/Sw.-KJ-Linomag-plyn-na-skore-90-g-seria-030224.pdf\">030224<\/a><\/p>\n<p><a href=\"https:\/\/ziololek.pl\/wp-content\/uploads\/2018\/08\/Sw.-KJ-Linomag-plyn-90g-s.-010124-pdf.pdf\">010124<\/a><\/p>\n<p><a href=\"https:\/\/ziololek.pl\/wp-content\/uploads\/2018\/08\/Sw.-KJ-Linomag-plyn-90-s.-041123.pdf\">041123<\/a><\/p>\n<p><a href=\"https:\/\/ziololek.pl\/wp-content\/uploads\/2018\/08\/Sw.KJ-Linomag-plyn-90g-s.-011023-.pdf\">011023<\/a><\/p>\n<p><a href=\"https:\/\/ziololek.pl\/wp-content\/uploads\/2018\/08\/Sw.-KJ-Linomag-plyn-90g-s.-021023-pdf.pdf\">021023<\/a><\/p>\n<p><a href=\"https:\/\/ziololek.pl\/wp-content\/uploads\/2023\/07\/Sw.-KJ-Linomag-plyn-90-s.-140723-.pdf\">140723<\/a><\/p>\n<p><a href=\"https:\/\/ziololek.pl\/wp-content\/uploads\/2023\/08\/Sw.-KJ-Linomag-plyn-90-s.-130723-.pdf\">130723<\/a><\/p>\n<p><a href=\"https:\/\/ziololek.pl\/wp-content\/uploads\/2023\/07\/Sw.-KJ-Linomag-plyn-90-s.-010623.pdf\">010623<\/a><\/p>\n<p><a href=\"https:\/\/ziololek.pl\/wp-content\/uploads\/2023\/04\/Sw.-KJ-Linomag-plyn-90g-s.-020423-.pdf\">020423<\/a><\/p>\n<p><a href=\"https:\/\/ziololek.pl\/wp-content\/uploads\/2023\/05\/Sw.-KJ-Linomag-plyn-s.-010423-pdf.pdf\">010423<\/a><\/p>\n<p><a href=\"https:\/\/ziololek.pl\/wp-content\/uploads\/2023\/04\/Sw.-KJ-Linomag-plyn-90g-s.-060223-.pdf\">060223<\/a><\/p>\n<p><a href=\"https:\/\/ziololek.pl\/wp-content\/uploads\/2022\/12\/Sw.-KJ-Linomag-plyn-90g-s.-031222-.pdf\">031222<\/a><\/p>\n<p><a href=\"https:\/\/ziololek.pl\/wp-content\/uploads\/2022\/12\/Sw.-KJ-Linomag-plyn-s.-021222-.pdf\">021222<\/a><\/p>\n<p><a href=\"https:\/\/ziololek.pl\/wp-content\/uploads\/2022\/12\/Sw.-KJ-Linomag-plyn-90-s.-011222.pdf\">011222<\/a><\/p>\n<p><a href=\"https:\/\/ziololek.pl\/wp-content\/uploads\/2022\/12\/Sw.-KJ-Linomag-plyn-s.-021022-.pdf\">021022<\/a><\/p>\n<p><a href=\"https:\/\/ziololek.pl\/wp-content\/uploads\/2022\/12\/Sw.-KJ-Linomag-plyn-90-s.-011022.pdf\">011022<\/a><\/p>\n<p><a href=\"https:\/\/ziololek.pl\/wp-content\/uploads\/2022\/09\/Linomag-plyn-na-skore-90g-s.070822-.pdf\">070822<\/a><\/p>\n<p><a href=\"https:\/\/ziololek.pl\/wp-content\/uploads\/2022\/09\/Linomag-plyn-na-skore-90g-seria-060822-.pdf\">060822<\/a><\/p>\n<p><a href=\"https:\/\/ziololek.pl\/wp-content\/uploads\/2022\/07\/010622_plyn.pdf\">010622<\/a><\/p>\n<p><a href=\"https:\/\/ziololek.pl\/wp-content\/uploads\/2022\/06\/Linomag-plyn-na-skore-020622.pdf\">020622<\/a><\/p>\n<p><a href=\"https:\/\/ziololek.pl\/wp-content\/uploads\/2022\/06\/Certyfikat-Linomag-plyn-na-skore-90-g-s.-020422.pdf\">020422<\/a><\/p>\n<p><a href=\"https:\/\/ziololek.pl\/wp-content\/uploads\/2022\/02\/Linomag-plyn-na-skore-020222.pdf\">020222<\/a><\/p>\n<p><a href=\"https:\/\/ziololek.pl\/wp-content\/uploads\/2022\/01\/Linomag-plyn-na-skore-031221.pdf\">031221<\/a><\/p>\n<p><a href=\"https:\/\/ziololek.pl\/wp-content\/uploads\/2021\/12\/Linomag-plyn-na-skore-021221.pdf\">021221<\/a><\/p>\n<p><a href=\"https:\/\/ziololek.pl\/wp-content\/uploads\/2021\/12\/Linomag-plyn-na-skore-011221.pdf\">011221<\/a><\/p>\n<p><a href=\"https:\/\/ziololek.pl\/wp-content\/uploads\/2021\/10\/Linomag-plyn-na-skore-021021.pdf\">021021<\/a><\/p>\n<p><a href=\"https:\/\/ziololek.pl\/wp-content\/uploads\/2021\/10\/Linomag-plyn-na-skore-011021.pdf\">011021<\/a><\/p>\n<p><a href=\"https:\/\/ziololek.pl\/wp-content\/uploads\/2022\/01\/Linomag-plyn-na-skore-030721.pdf\">030721<\/a><\/p>\n<p><a href=\"https:\/\/ziololek.pl\/wp-content\/uploads\/2021\/09\/Linomag-plyn-na-skore-020721.pdf\">020721<\/a><\/p>\n<p><a href=\"https:\/\/ziololek.pl\/wp-content\/uploads\/2022\/01\/Linomag-plyn-na-skore-010621.pdf\">010621<\/a><\/p>\n<p><a href=\"https:\/\/ziololek.pl\/wp-content\/uploads\/2021\/04\/Linomag-plyn-na-skore-020421.pdf\">020421<\/a><\/p>\n<p><a href=\"https:\/\/ziololek.pl\/wp-content\/uploads\/2021\/04\/Linomag-plyn-na-skore-010421.pdf\">010421<\/a><\/p>\n<p><a href=\"https:\/\/ziololek.pl\/wp-content\/uploads\/2021\/03\/Linomag-plyn-na-skore-050221.pdf\">050221<\/a><\/p>\n<p><a href=\"https:\/\/ziololek.pl\/wp-content\/uploads\/2021\/04\/Linomag-plyn-na-skore-040221-2.pdf\">040221<\/a><\/p>\n<p><a href=\"https:\/\/ziololek.pl\/wp-content\/uploads\/2021\/02\/Linomag-plyn-na-skore-030121.pdf\">030121<\/a><\/p>\n<p><a href=\"https:\/\/ziololek.pl\/wp-content\/uploads\/2024\/10\/Sw.-KJ-Linomag-plyn-90g-s.-021024.pdf\">021024<\/a><\/p>\n<p><a href=\"https:\/\/ziololek.pl\/wp-content\/uploads\/2024\/10\/Sw.-KJ-Linomag-plyn-90g-s.-021024-1.pdf\">011024<\/a><\/p>\n<p><a href=\"https:\/\/ziololek.pl\/wp-content\/uploads\/2024\/11\/Sw.-KJ-Linomag-plyn-na-skore-seria-071124.pdf\">071124<\/a><\/p>\n<p><a href=\"https:\/\/ziololek.pl\/wp-content\/uploads\/2024\/11\/Sw.-KJ-Linomag-plyn-na-skore-seria-061124.pdf\">061124<\/a><\/p>\n<p><a href=\"https:\/\/ziololek.pl\/wp-content\/uploads\/2018\/08\/Linomag-plyn-na-skore-seria-011224.pdf\">011224<\/a><\/p>\n","protected":false},"excerpt":{"rendered":"<p>Lek mo\u017cna stosowa\u0107 u dzieci i niemowl\u0105t.<\/p>\n","protected":false},"featured_media":10620,"comment_status":"open","ping_status":"closed","template":"","meta":[],"product_cat":[750],"product_tag":[],"acf":[],"_links":{"self":[{"href":"https:\/\/ziololek.pl\/ru\/wp-json\/wp\/v2\/product\/1534"}],"collection":[{"href":"https:\/\/ziololek.pl\/ru\/wp-json\/wp\/v2\/product"}],"about":[{"href":"https:\/\/ziololek.pl\/ru\/wp-json\/wp\/v2\/types\/product"}],"replies":[{"embeddable":true,"href":"https:\/\/ziololek.pl\/ru\/wp-json\/wp\/v2\/comments?post=1534"}],"wp:featuredmedia":[{"embeddable":true,"href":"https:\/\/ziololek.pl\/ru\/wp-json\/wp\/v2\/media\/10620"}],"wp:attachment":[{"href":"https:\/\/ziololek.pl\/ru\/wp-json\/wp\/v2\/media?parent=1534"}],"wp:term":[{"taxonomy":"product_cat","embeddable":true,"href":"https:\/\/ziololek.pl\/ru\/wp-json\/wp\/v2\/product_cat?post=1534"},{"taxonomy":"product_tag","embeddable":true,"href":"https:\/\/ziololek.pl\/ru\/wp-json\/wp\/v2\/product_tag?post=1534"}],"curies":[{"name":"wp","href":"https:\/\/api.w.org\/{rel}","templated":true}]}}