{"id":1549,"date":"2018-08-01T11:18:34","date_gmt":"2018-08-01T09:18:34","guid":{"rendered":"https:\/\/ziololek.pl\/?post_type=product&#038;p=1549"},"modified":"2025-07-17T11:51:01","modified_gmt":"2025-07-17T09:51:01","slug":"sal-ems-factitium","status":"publish","type":"product","link":"https:\/\/ziololek.pl\/ru\/produkt\/sal-ems-factitium\/","title":{"rendered":"SAL EMS FACTITIUM"},"content":{"rendered":"<p><strong>SAL EMS FACTITIUM <\/strong><\/p>\n<p>tabletki musuj\u0105ce, 450 mg<\/p>\n<p><em>produkt leczniczy <\/em><\/p>\n<p>Sztuczna s\u00f3l emska ma dzia\u0142anie wykrztu\u015bne i alkalizuj\u0105ce. Zawiera mieszanin\u0119 alkalicznych soli pobudzaj\u0105cych wydzielanie \u015bluzu w drogach oddechowych. Zawarty w leku wodorow\u0119glan sodu alkalizuje wydzielin\u0119 oskrzeli, co prowadzi do jej up\u0142ynnienia i u\u0142atwia odkrztuszanie.<\/p>\n<p><strong>Wskazania:<\/strong> Leczenie pomocnicze w stanach zapalnych dr\u00f3g oddechowych, astmie oskrzelowej. <strong>Dawkowanie i spos\u00f3b podania:<\/strong> Doustnie: rozpu\u015bci\u0107 od 1 do 2 tabletek w po\u0142owie lub w ca\u0142ej szklance przegotowanej wody z mlekiem lub przegotowanej, ciep\u0142ej wody. Pi\u0107 3 razy na dob\u0119 po jedzeniu.<\/p>\n<p><strong>Przeciwwskazania:<\/strong> Nadwra\u017cliwo\u015b\u0107 na kt\u00f3rykolwiek sk\u0142adnik preparatu, gru\u017alica, krztusiec, zapalenie op\u0142ucnej.<\/p>\n<p><strong>Specjalne ostrze\u017cenia i \u015brodki ostro\u017cno\u015bci dotycz\u0105ce stosowania:<\/strong> Ostro\u017cnie stosowa\u0107 w chorobie wrzodowej \u017co\u0142\u0105dka i dwunastnicy z powodu nasilenia wydzielania kwasu solnego. Podczas d\u0142ugotrwa\u0142ego stosowania mog\u0105 tworzy\u0107 si\u0119 kamienie nerkowe i zwi\u0119ksza si\u0119 ryzyko zaka\u017ce\u0144 dr\u00f3g moczowych. Lek zawiera do 9,26 mmol (albo 213 mg) sodu na dawk\u0119 (na 1 tabletk\u0119), co nale\u017cy wzi\u0105\u0107 pod uwag\u0119 u pacjent\u00f3w ze zmniejszon\u0105 czynno\u015bci\u0105 nerek i u pacjent\u00f3w kontroluj\u0105cych zawarto\u015b\u0107 sodu w diecie. Produkt leczniczy zawiera cukier (sacharoza) \u2013 nale\u017cy stosowa\u0107 ostro\u017cnie u chorych na cukrzyc\u0119. Pacjenci z rzadkimi dziedzicznymi zaburzeniami zwi\u0105zanymi z nietolerancj\u0105 fruktozy, zespo\u0142em z\u0142ego wch\u0142aniania glukozy-galaktozy lub niedoborem sacharazy-izomaltazy, nie powinni przyjmowa\u0107 produktu leczniczego.<\/p>\n<p><strong>Dzia\u0142ania niepo\u017c\u0105dane:<\/strong> Rzadko (wyst\u0119puj\u0105 u 1 do 10 os\u00f3b na 10 000) mog\u0105 wyst\u0119powa\u0107: podra\u017cnienie b\u0142ony \u015bluzowej \u017co\u0142\u0105dka, zgaga, wzd\u0119cia, b\u00f3le brzucha.<\/p>\n<p><strong>Podmiot odpowiedzialny: <\/strong>Przedsi\u0119biorstwo Farmaceutyczne \u201eZio\u0142olek\u201d Sp. z o.o., ul. Staro\u0142\u0119cka 189, 61-341 Pozna\u0144<\/p>\n<p><strong>Pozwolenie <\/strong>nr R\/2025 wydane przez Prezesa URPL WMiBP. Data wydania pierwszego pozwolenia na dopuszczenie do obrotu: 10 czerwca 1967 r. Data przed\u0142u\u017cenia pozwolenia na czas nieokre\u015blony: 17 wrze\u015bnia 2008 r.<\/p>\n<p><strong>Kategoria dost\u0119pno\u015bci:<\/strong> lek OTC \u2013 produkt leczniczy dost\u0119pny bez przepisu lekarza.<\/p>\n<p>Posta\u0107 farmaceutyczna: tabletki musuj\u0105ce, 40 szt.<\/p>\n<p>&nbsp;<\/p>\n<p><em>To jest lek. Dla bezpiecze\u0144stwa stosuj go zgodnie z ulotk\u0105 do\u0142\u0105czon\u0105 do opakowania. Nie przekraczaj maksymalnej dawki leku. W przypadku w\u0105tpliwo\u015bci skonsultuj si\u0119 z lekarzem lub farmaceut\u0105.<\/em><\/p>\n<p>&nbsp;<\/p>\n","protected":false},"excerpt":{"rendered":"<p>Tabletki musuj\u0105ce<\/p>\n","protected":false},"featured_media":1557,"comment_status":"open","ping_status":"closed","template":"","meta":[],"product_cat":[750],"product_tag":[],"acf":[],"_links":{"self":[{"href":"https:\/\/ziololek.pl\/ru\/wp-json\/wp\/v2\/product\/1549"}],"collection":[{"href":"https:\/\/ziololek.pl\/ru\/wp-json\/wp\/v2\/product"}],"about":[{"href":"https:\/\/ziololek.pl\/ru\/wp-json\/wp\/v2\/types\/product"}],"replies":[{"embeddable":true,"href":"https:\/\/ziololek.pl\/ru\/wp-json\/wp\/v2\/comments?post=1549"}],"wp:featuredmedia":[{"embeddable":true,"href":"https:\/\/ziololek.pl\/ru\/wp-json\/wp\/v2\/media\/1557"}],"wp:attachment":[{"href":"https:\/\/ziololek.pl\/ru\/wp-json\/wp\/v2\/media?parent=1549"}],"wp:term":[{"taxonomy":"product_cat","embeddable":true,"href":"https:\/\/ziololek.pl\/ru\/wp-json\/wp\/v2\/product_cat?post=1549"},{"taxonomy":"product_tag","embeddable":true,"href":"https:\/\/ziololek.pl\/ru\/wp-json\/wp\/v2\/product_tag?post=1549"}],"curies":[{"name":"wp","href":"https:\/\/api.w.org\/{rel}","templated":true}]}}