{"id":1554,"date":"2018-08-01T11:28:15","date_gmt":"2018-08-01T09:28:15","guid":{"rendered":"https:\/\/ziololek.pl\/?post_type=product&#038;p=1554"},"modified":"2025-07-17T12:07:44","modified_gmt":"2025-07-17T10:07:44","slug":"sal-vichy-factitium","status":"publish","type":"product","link":"https:\/\/ziololek.pl\/ru\/produkt\/sal-vichy-factitium\/","title":{"rendered":"SAL VICHY FACTITIUM"},"content":{"rendered":"<p><strong>SAL VICHY FACTITIUM<\/strong><\/p>\n<p>tabletki musuj\u0105ce, 600 mg<\/p>\n<p><em>produkt leczniczy <\/em><\/p>\n<p>Sal Vichy factitium (sztuczna s\u00f3l Vichy) jest mieszanin\u0105 soli alkalicznych zoboj\u0119tniaj\u0105cych kwa\u015bn\u0105 tre\u015b\u0107 \u017co\u0142\u0105dka, zwi\u0119kszaj\u0105cych rezerw\u0119 alkaliczn\u0105 krwi, dzia\u0142aj\u0105cych \u017c\u00f3\u0142ciop\u0119dnie i \u017c\u00f3\u0142ciotw\u00f3rczo. Zapobiega tworzeniu si\u0119 kamieni \u017c\u00f3\u0142ciowych.<\/p>\n<p><strong>Wskazania<\/strong>: Leczenie pomocnicze w nadkwa\u015bno\u015bci tre\u015bci \u017co\u0142\u0105dka, przewlek\u0142ym zapaleniu p\u0119cherzyka \u017c\u00f3\u0142ciowego, kamicy \u017c\u00f3\u0142ciowej.<\/p>\n<p><strong>Dawkowanie i spos\u00f3b podania:<\/strong> Podanie doustne: Rozpu\u015bci\u0107 1 lub 2 tabletki w szklance przegotowanej, ciep\u0142ej wody. Pi\u0107 3 razy na dob\u0119 przed jedzeniem.<\/p>\n<p><strong>Przeciwskazania:<\/strong> Nadwra\u017cliwo\u015b\u0107 na substancje czynne lub kt\u00f3r\u0105kolwiek substancj\u0119 pomocnicz\u0105, stany zapalne dr\u00f3g moczowych, stany zapalne miedniczek nerkowych i p\u0119cherza moczowego.<\/p>\n<p><strong>Specjalne ostrze\u017cenia i \u015brodki ostro\u017cno\u015bci dotycz\u0105ce stosowania:<\/strong> Produkt leczniczy zawiera 221 mg sodu w 1 tabletce musuj\u0105cej, co odpowiada 11,1% zalecanej przez WHO maksymalnej 2 g dobowej dawki sodu u os\u00f3b doros\u0142ych. Maksymalna dawka dobowa sodu w leku odpowiada 66,2% zalecanej przez WHO maksymalnej 2 g dobowej dawki sodu u os\u00f3b doros\u0142ych. Produkt leczniczy SAL VICHY FACTITIUM ma wysok\u0105 zawarto\u015b\u0107 sodu. Nale\u017cy wzi\u0105\u0107 to pod uwag\u0119 u pacjent\u00f3w kontroluj\u0105cych zawarto\u015b\u0107 sodu w diecie. Produkt leczniczy zawiera sacharoz\u0119 \u2013 nale\u017cy stosowa\u0107 ostro\u017cnie u chorych na cukrzyc\u0119. Pacjenci z rzadkimi dziedzicznymi zaburzeniami zwi\u0105zanymi z nietolerancj\u0105 fruktozy, zespo\u0142em z\u0142ego wch\u0142aniania glukozy-galaktozy lub niedoborem sacharazy-izomaltazy, nie powinni przyjmowa\u0107 produktu leczniczego. Produkt leczniczy zawiera 45 mg sodu benzoesanu w 1 tabletce.<\/p>\n<p><strong>Dzia\u0142ania niepo\u017c\u0105dane:<\/strong> Cz\u0119ste stosowanie du\u017cych dawek soli powoduje sta\u0142\u0105 alkalizacj\u0119 moczu. Ze wzgl\u0119du na zawarto\u015b\u0107 sodu mo\u017ce powodowa\u0107 podwy\u017cszenie ci\u015bnienia t\u0119tniczego.<\/p>\n<p><strong>Podmiot odpowiedzialny:<\/strong> Przedsi\u0119biorstwo Farmaceutyczne \u201eZio\u0142olek\u201d Sp. z o.o., ul. Staro\u0142\u0119cka 189, 61-341 Pozna\u0144<\/p>\n<p>Pozwolenie nr R\/1934 wydane przez Prezesa URPL WMiBP. Data wydania pierwszego pozwolenia na dopuszczenie do obrotu: 12 czerwca 1967 r. Data przed\u0142u\u017cenia pozwolenia na czas nieokre\u015blony: 15 grudnia 2008 r.<\/p>\n<p><strong>Kategoria dost\u0119pno\u015bci:<\/strong> lek OTC \u2013 produkt leczniczy dost\u0119pny bez przepisu lekarza.<\/p>\n<p><strong>Posta\u0107 farmaceutyczna:<\/strong> tabletki musuj\u0105ce, 40 szt.<\/p>\n<p>&nbsp;<\/p>\n<p><em>To jest lek. Dla bezpiecze\u0144stwa stosuj go zgodnie z ulotk\u0105 do\u0142\u0105czon\u0105 do opakowania. Nie przekraczaj maksymalnej dawki leku. W przypadku w\u0105tpliwo\u015bci skonsultuj si\u0119 z lekarzem lub farmaceut\u0105.<\/em><\/p>\n<p>&nbsp;<\/p>\n<p>&nbsp;<\/p>\n<p>&nbsp;<\/p>\n","protected":false},"excerpt":{"rendered":"<p>Tabletki musuj\u0105ce<\/p>\n","protected":false},"featured_media":1569,"comment_status":"open","ping_status":"closed","template":"","meta":[],"product_cat":[750],"product_tag":[],"acf":[],"_links":{"self":[{"href":"https:\/\/ziololek.pl\/ru\/wp-json\/wp\/v2\/product\/1554"}],"collection":[{"href":"https:\/\/ziololek.pl\/ru\/wp-json\/wp\/v2\/product"}],"about":[{"href":"https:\/\/ziololek.pl\/ru\/wp-json\/wp\/v2\/types\/product"}],"replies":[{"embeddable":true,"href":"https:\/\/ziololek.pl\/ru\/wp-json\/wp\/v2\/comments?post=1554"}],"wp:featuredmedia":[{"embeddable":true,"href":"https:\/\/ziololek.pl\/ru\/wp-json\/wp\/v2\/media\/1569"}],"wp:attachment":[{"href":"https:\/\/ziololek.pl\/ru\/wp-json\/wp\/v2\/media?parent=1554"}],"wp:term":[{"taxonomy":"product_cat","embeddable":true,"href":"https:\/\/ziololek.pl\/ru\/wp-json\/wp\/v2\/product_cat?post=1554"},{"taxonomy":"product_tag","embeddable":true,"href":"https:\/\/ziololek.pl\/ru\/wp-json\/wp\/v2\/product_tag?post=1554"}],"curies":[{"name":"wp","href":"https:\/\/api.w.org\/{rel}","templated":true}]}}