{"id":1578,"date":"2018-08-01T11:34:43","date_gmt":"2018-08-01T09:34:43","guid":{"rendered":"https:\/\/ziololek.pl\/?post_type=product&#038;p=1578"},"modified":"2025-07-16T20:58:02","modified_gmt":"2025-07-16T18:58:02","slug":"gelatum-aluminii-phosphorici","status":"publish","type":"product","link":"https:\/\/ziololek.pl\/ru\/produkt\/gelatum-aluminii-phosphorici\/","title":{"rendered":"GELATUM ALUMINII PHOSPHORICI"},"content":{"rendered":"<p><strong>GELATUM ALUMINII PHOSPHORICI <\/strong><\/p>\n<p>zawiesina doustna, 45 mg\/g<\/p>\n<p><em>produkt leczniczy<\/em><\/p>\n<p>Lek zoboj\u0119tniaj\u0105cy kwas solny soku \u017co\u0142\u0105dkowego, dzia\u0142aj\u0105cy r\u00f3wnie\u017c os\u0142aniaj\u0105co i \u015bci\u0105gaj\u0105co. Fosforan glinu zawarty w preparacie dzia\u0142a os\u0142aniaj\u0105co na b\u0142on\u0119 \u015bluzow\u0105 prze\u0142yku, \u017co\u0142\u0105dka i dwunastnicy poprzez tworzenie warstwy ochronnej. Posta\u0107 zawiesiny u\u0142atwia r\u00f3wnomierne rozprowadzenie leku na b\u0142onie \u015bluzowej co u\u0142atwia jej gojenie. Powstaj\u0105cy w wyniku reakcji zoboj\u0119tniania chlorek glinu dzia\u0142a \u015bci\u0105gaj\u0105co i przeciwzapalnie. Dodatek olejku mi\u0119ty pieprzowej zapewnia lekkie dzia\u0142anie przeciwskurczowe w zaburzeniach trawiennych.<\/p>\n<p><strong>Wskazania<\/strong>: W leczeniu dolegliwo\u015bci wyst\u0119puj\u0105cych w przebiegu chor\u00f3b: choroba wrzodowa \u017co\u0142\u0105dka i dwunastnicy (wspomagaj\u0105co lub dora\u017anie w razie dolegliwo\u015bci), nadkwa\u015bno\u015b\u0107 soku \u017co\u0142\u0105dkowego, refluks prze\u0142ykowo-\u017co\u0142\u0105dkowy, zgaga.<\/p>\n<p><strong>Dawkowanie i spos\u00f3b podania:<\/strong> Doustnie: Przed u\u017cyciem wstrz\u0105sn\u0105\u0107 butelk\u0119. Zwykle podaje si\u0119 3 razy na dob\u0119 \u0142y\u017ceczk\u0119 do herbaty (w ci\u0119\u017cszych przypadkach \u0142y\u017ck\u0119 sto\u0142ow\u0105) przed jedzeniem lub 1-2 godziny po ka\u017cdym posi\u0142ku i bezpo\u015brednio przed snem. Nie nale\u017cy stosowa\u0107 wi\u0119cej ni\u017c 100 ml na dob\u0119.<\/p>\n<p><strong>Przeciwwskazania:<\/strong> Ci\u0119\u017cka niewydolno\u015b\u0107 nerek. Nadwra\u017cliwo\u015b\u0107 na fosforan glinu lub kt\u00f3r\u0105kolwiek substancj\u0119 pomocnicz\u0105 preparatu.<\/p>\n<p><strong>Specjalne ostrze\u017cenia i \u015brodki ostro\u017cno\u015bci dotycz\u0105ce stosowania:<\/strong> Nie nale\u017cy stosowa\u0107 leku d\u0142ugotrwale. W razie utrzymywania si\u0119 objaw\u00f3w nale\u017cy zweryfikowa\u0107 diagnoz\u0119. Ze wzgl\u0119du na zawarto\u015b\u0107 glinu i mo\u017cliwo\u015b\u0107 jego kumulacji nale\u017cy ostro\u017cnie stosowa\u0107 u pacjent\u00f3w z zaburzon\u0105 czynno\u015bci\u0105 nerek. D\u0142ugotrwa\u0142e stosowanie u os\u00f3b dializowanych mo\u017ce zwi\u0119kszy\u0107 ryzyko wyst\u0105pienia encefalopatii. Stosowa\u0107 ostro\u017cnie u dzieci poni\u017cej 6 lat, zw\u0142aszcza odwodnionych lub z niewydolno\u015bci\u0105 nerek. W przewodzie pokarmowym glin tworzy z fosforanami nierozpuszczalne zwi\u0105zki. D\u0142ugotrwa\u0142e stosowanie zawiesiny zmniejsza wch\u0142anianie fosforu, co w przypadku niewystarczaj\u0105cej poda\u017cy fosforu w po\u017cywieniu mo\u017ce prowadzi\u0107 do jego niedoboru (patrz Dzia\u0142ania niepo\u017c\u0105dane). Nale\u017cy stosowa\u0107 ostro\u017cnie u chorych na cukrzyc\u0119, gdy\u017c preparat zawiera 40 g sacharozy w 100 g zawiesiny. Pacjenci z rzadkimi dziedzicznymi zaburzeniami zwi\u0105zanymi z nietolerancj\u0105 fruktozy, zespo\u0142em z\u0142ego wch\u0142aniania glukozy-galaktozy lub niedoborem sacharazy-izomaltazy, nie powinni przyjmowa\u0107 produktu leczniczego. Lek zawiera etylu hydroksybenzoesan i propylu hydroksybenzoesan. Lek mo\u017ce powodowa\u0107 reakcje alergiczne (mo\u017cliwe reakcje typu p\u00f3\u017anego). Lek zawiera mniej ni\u017c 1 mmol (23 mg) sodu na dawk\u0119 (\u0142y\u017ck\u0119 sto\u0142ow\u0105), to znaczy lek uznaje si\u0119 za \u201ewolny od sodu\u201d. Produkt leczniczy zawiera substancj\u0119 smakowo-zapachow\u0105 z limonenem (sk\u0142adnik olejku mi\u0119ty pieprzowej). Limonen mo\u017ce powodowa\u0107 reakcje alergiczne. Reakcja alergiczna mo\u017ce wyst\u0105pi\u0107 u pacjent\u00f3w uczulonych oraz u pacjent\u00f3w dotychczas nieuczulonych.<\/p>\n<p><strong>Dzia\u0142ania niepo\u017c\u0105dane:<\/strong> Zaparcia. W wyniku d\u0142ugotrwa\u0142ego stosowania mo\u017ce zwi\u0119kszy\u0107 si\u0119 st\u0119\u017cenie glinu we krwi oraz obni\u017cy\u0107 st\u0119\u017cenie fosforan\u00f3w (hipofosfatemia). Objawy hipofosfatemii to: brak \u0142aknienia, z\u0142e samopoczucie, os\u0142abienie mi\u0119\u015bni, osteomalacja. U os\u00f3b w podesz\u0142ym wieku istnieje ryzyko wyst\u0105pienia lub nasilenia si\u0119 objaw\u00f3w choroby Alzheimera.<\/p>\n<p><strong>Podmiot odpowiedzialny: <\/strong>Przedsi\u0119biorstwo Farmaceutyczne \u201eZio\u0142olek\u201d Sp. z o.o., ul. Staro\u0142\u0119cka 189, 61-341 Pozna\u0144<\/p>\n<p><strong>Pozwolenie<\/strong> nr R\/2873 wydane przez Prezesa URPL WMiBP. Data wydania pierwszego pozwolenia na dopuszczenie do obrotu: 1 marca 1963 r. Data przed\u0142u\u017cenia pozwolenia na czas nieokre\u015blony: 21 sierpnia 2009 r.<\/p>\n<p><strong>Kategoria dost\u0119pno\u015bci:<\/strong> lek OTC \u2013 produkt leczniczy dost\u0119pny bez przepisu lekarza.<\/p>\n<p>Posta\u0107 farmaceutyczna: zawiesina doustna<\/p>\n<p><strong>Dost\u0119pne opakowania<\/strong>: butelka 250 g<\/p>\n<p>&nbsp;<\/p>\n<p><em>To jest lek. Dla bezpiecze\u0144stwa stosuj go zgodnie z ulotk\u0105 do\u0142\u0105czon\u0105 do opakowania. Nie przekraczaj maksymalnej dawki leku. W przypadku w\u0105tpliwo\u015bci skonsultuj si\u0119 z lekarzem lub farmaceut\u0105.<\/em><\/p>\n<p><em>\u00a0<\/em><\/p>\n","protected":false},"excerpt":{"rendered":"<p>Zawiesina doustna<\/p>\n","protected":false},"featured_media":1594,"comment_status":"open","ping_status":"closed","template":"","meta":[],"product_cat":[750],"product_tag":[],"acf":[],"_links":{"self":[{"href":"https:\/\/ziololek.pl\/ru\/wp-json\/wp\/v2\/product\/1578"}],"collection":[{"href":"https:\/\/ziololek.pl\/ru\/wp-json\/wp\/v2\/product"}],"about":[{"href":"https:\/\/ziololek.pl\/ru\/wp-json\/wp\/v2\/types\/product"}],"replies":[{"embeddable":true,"href":"https:\/\/ziololek.pl\/ru\/wp-json\/wp\/v2\/comments?post=1578"}],"wp:featuredmedia":[{"embeddable":true,"href":"https:\/\/ziololek.pl\/ru\/wp-json\/wp\/v2\/media\/1594"}],"wp:attachment":[{"href":"https:\/\/ziololek.pl\/ru\/wp-json\/wp\/v2\/media?parent=1578"}],"wp:term":[{"taxonomy":"product_cat","embeddable":true,"href":"https:\/\/ziololek.pl\/ru\/wp-json\/wp\/v2\/product_cat?post=1578"},{"taxonomy":"product_tag","embeddable":true,"href":"https:\/\/ziololek.pl\/ru\/wp-json\/wp\/v2\/product_tag?post=1578"}],"curies":[{"name":"wp","href":"https:\/\/api.w.org\/{rel}","templated":true}]}}