{"id":1607,"date":"2018-07-31T10:26:52","date_gmt":"2018-07-31T08:26:52","guid":{"rendered":"https:\/\/ziololek.pl\/?post_type=product&#038;p=1607"},"modified":"2020-05-07T19:36:55","modified_gmt":"2020-05-07T17:36:55","slug":"alation-rece-regenerujaca-kuracja","status":"publish","type":"product","link":"https:\/\/ziololek.pl\/ru\/produkt\/alation-rece-regenerujaca-kuracja\/","title":{"rendered":"Alation r\u0119ce regeneruj\u0105ca kuracja"},"content":{"rendered":"<p><strong>Krem do r\u0105k regeneruj\u0105ca kuracja<\/strong><\/p>\n<ul>\n<li>Intensywnie regeneruje<\/li>\n<li>\u0141agodzi podra\u017cnienia<\/li>\n<li>Odbudowuje naturaln\u0105 barier\u0119 ochronn\u0105 sk\u00f3ry<\/li>\n<li>Przywraca j\u0119drno\u015b\u0107 i elastyczno\u015b\u0107 nask\u00f3rka<\/li>\n<li>Zmi\u0119kcza, od\u017cywia i wyg\u0142adza sk\u00f3r\u0119 d\u0142oni<\/li>\n<li>\u0141agodzi mikrourazy nask\u00f3rka<\/li>\n<li>Zmniejsza uczucie sucho\u015bci i szorstko\u015bci<\/li>\n<\/ul>\n","protected":false},"excerpt":{"rendered":"<p>Regeneruj\u0105ca kuracja do r\u0105k.<\/p>\n","protected":false},"featured_media":1621,"comment_status":"open","ping_status":"closed","template":"","meta":[],"product_cat":[754],"product_tag":[],"acf":[],"_links":{"self":[{"href":"https:\/\/ziololek.pl\/ru\/wp-json\/wp\/v2\/product\/1607"}],"collection":[{"href":"https:\/\/ziololek.pl\/ru\/wp-json\/wp\/v2\/product"}],"about":[{"href":"https:\/\/ziololek.pl\/ru\/wp-json\/wp\/v2\/types\/product"}],"replies":[{"embeddable":true,"href":"https:\/\/ziololek.pl\/ru\/wp-json\/wp\/v2\/comments?post=1607"}],"wp:featuredmedia":[{"embeddable":true,"href":"https:\/\/ziololek.pl\/ru\/wp-json\/wp\/v2\/media\/1621"}],"wp:attachment":[{"href":"https:\/\/ziololek.pl\/ru\/wp-json\/wp\/v2\/media?parent=1607"}],"wp:term":[{"taxonomy":"product_cat","embeddable":true,"href":"https:\/\/ziololek.pl\/ru\/wp-json\/wp\/v2\/product_cat?post=1607"},{"taxonomy":"product_tag","embeddable":true,"href":"https:\/\/ziololek.pl\/ru\/wp-json\/wp\/v2\/product_tag?post=1607"}],"curies":[{"name":"wp","href":"https:\/\/api.w.org\/{rel}","templated":true}]}}