{"id":1612,"date":"2018-07-31T10:29:15","date_gmt":"2018-07-31T08:29:15","guid":{"rendered":"https:\/\/ziololek.pl\/?post_type=product&#038;p=1612"},"modified":"2020-05-07T20:10:39","modified_gmt":"2020-05-07T18:10:39","slug":"alation-stopy-regenerujaca-kuracja","status":"publish","type":"product","link":"https:\/\/ziololek.pl\/ru\/produkt\/alation-stopy-regenerujaca-kuracja\/","title":{"rendered":"Alation stopy regeneruj\u0105ca kuracja"},"content":{"rendered":"<p><strong>Krem do st\u00f3p regeneruj\u0105ca kuracja<\/strong><\/p>\n<ul>\n<li>Intensywnie regeneruje<\/li>\n<li>Zmi\u0119kcza stwardnia\u0142y i zrogowacia\u0142y nask\u00f3rek<\/li>\n<li>Zmniejsza nieestetyczne i bolesne p\u0119kni\u0119cia na pi\u0119tach<\/li>\n<li>Chroni przed wysuszeniem i p\u0119kni\u0119ciami sk\u00f3ry<\/li>\n<li>Przywraca elastyczno\u015b\u0107 i g\u0142adko\u015b\u0107 nask\u00f3rka<\/li>\n<\/ul>\n<p><em>\u00a0<\/em><\/p>\n","protected":false},"excerpt":{"rendered":"<p>Regeneruj\u0105ca kuracja do st\u00f3p.<\/p>\n","protected":false},"featured_media":1624,"comment_status":"open","ping_status":"closed","template":"","meta":[],"product_cat":[15],"product_tag":[],"acf":[],"_links":{"self":[{"href":"https:\/\/ziololek.pl\/ru\/wp-json\/wp\/v2\/product\/1612"}],"collection":[{"href":"https:\/\/ziololek.pl\/ru\/wp-json\/wp\/v2\/product"}],"about":[{"href":"https:\/\/ziololek.pl\/ru\/wp-json\/wp\/v2\/types\/product"}],"replies":[{"embeddable":true,"href":"https:\/\/ziololek.pl\/ru\/wp-json\/wp\/v2\/comments?post=1612"}],"wp:featuredmedia":[{"embeddable":true,"href":"https:\/\/ziololek.pl\/ru\/wp-json\/wp\/v2\/media\/1624"}],"wp:attachment":[{"href":"https:\/\/ziololek.pl\/ru\/wp-json\/wp\/v2\/media?parent=1612"}],"wp:term":[{"taxonomy":"product_cat","embeddable":true,"href":"https:\/\/ziololek.pl\/ru\/wp-json\/wp\/v2\/product_cat?post=1612"},{"taxonomy":"product_tag","embeddable":true,"href":"https:\/\/ziololek.pl\/ru\/wp-json\/wp\/v2\/product_tag?post=1612"}],"curies":[{"name":"wp","href":"https:\/\/api.w.org\/{rel}","templated":true}]}}