{"id":1614,"date":"2018-07-30T14:51:56","date_gmt":"2018-07-30T12:51:56","guid":{"rendered":"https:\/\/ziololek.pl\/?post_type=product&#038;p=1614"},"modified":"2023-07-20T13:58:28","modified_gmt":"2023-07-20T11:58:28","slug":"linomag-olejek-do-kapieli","status":"publish","type":"product","link":"https:\/\/ziololek.pl\/ru\/produkt\/linomag-olejek-do-kapieli\/","title":{"rendered":"LINOMAG\u00ae \u041c\u0410\u0421\u041b\u041e \u0414\u041b\u042f \u0412\u0410\u041d\u041d\u042b"},"content":{"rendered":"<p><span style=\"font-size: 14px;\">\u041c\u0430\u0441\u043b\u043e \u0434\u043b\u044f \u0432\u0430\u043d\u043d\u044b \u0440\u0435\u043a\u043e\u043c\u0435\u043d\u0434\u043e\u0432\u0430\u043d\u043e \u0434\u043b\u044f \u0443\u0445\u043e\u0434\u0430 \u0437\u0430 \u043a\u043e\u0436\u0435\u0439 \u0434\u0435\u0442\u0435\u0439 \u0438 \u043c\u043b\u0430\u0434\u0435\u043d\u0446\u0435\u0432 \u0441 1-\u043e\u0433\u043e \u043c\u0435\u0441\u044f\u0446\u0430. \u041b\u044c\u043d\u044f\u043d\u043e\u0435 \u043c\u0430\u0441\u043b\u043e \u0438 \u044d\u043a\u0441\u0442\u0440\u0430\u043a\u0442 \u0440\u043e\u043c\u0430\u0448\u043a\u0438 \u0443\u0441\u043a\u043f\u043e\u043a\u0430\u0438\u0432\u0430\u044e\u0442 \u0440\u0430\u0437\u0434\u0440\u0430\u0436\u0435\u043d\u043d\u0443\u044e \u043a\u043e\u0436\u0443 \u0438 \u0441\u043d\u0438\u043c\u0430\u044e\u0442 \u0441\u0438\u043c\u043f\u0442\u043e\u043c\u044b \u0430\u043b\u043b\u0435\u0440\u0433\u0438\u0438. \u041e\u0434\u043d\u043e\u0432\u0440\u0435\u043c\u0435\u043d\u043d\u043e \u043c\u044f\u0433\u043a\u0438\u0435 \u043c\u043e\u044e\u0449\u0438\u0435 \u0441\u0440\u0435\u0434\u0441\u0442\u0432\u0430 \u043d\u0435\u0436\u043d\u043e \u043e\u0447\u0438\u0449\u0430\u044e\u0442 \u043a\u043e\u0436\u0443.<\/span><\/p>\n<p><span style=\"font-size: 14px;\">\u0421\u0411\u041e\u0419\u0421\u0422\u0412\u0410 \u0418 \u041f\u041e\u041a\u0410\u0417\u0410\u041d\u0418\u042f \u041a \u041f\u0420\u0418\u041c\u0415\u041d\u0415\u041d\u0418\u042e:<\/span><\/p>\n<ul>\n<li><span style=\"font-size: 14px;\">\u0441\u043c\u0430\u0437\u044b\u0432\u0430\u0435\u0442, \u043f\u0438\u0442\u0430\u0435\u0442 \u0438 \u0443\u0432\u043b\u0430\u0436\u043d\u044f\u0435\u0442 \u043a\u043e\u0436\u0443<\/span><\/li>\n<li><span style=\"font-size: 14px;\">\u0443\u0441\u043f\u043e\u043a\u0430\u0438\u0432\u0430\u0435\u0442 \u0440\u0430\u0437\u0434\u0440\u0430\u0436\u0435\u043d\u0438\u044f, \u0432\u043e\u0441\u043f\u0430\u043b\u0435\u043d\u0438\u044f \u0438 \u0430\u043b\u043b\u0435\u0440\u0433\u0438\u0447\u0435\u0441\u043a\u0438\u0435 \u0440\u0435\u0430\u043a\u0446\u0438\u0438<\/span><\/li>\n<li><span style=\"font-size: 14px;\">\u0441\u0442\u0438\u043c\u0443\u043b\u0438\u0440\u0443\u0435\u0442 \u0440\u0435\u0433\u0435\u043d\u0435\u0440\u0430\u0446\u0438\u044e \u043a\u043e\u0436\u0438<\/span><\/li>\n<\/ul>\n<p><span style=\"font-size: 14px;\">\u041d\u0415 \u0421\u041e\u0414\u0415\u0420\u0416\u0418\u0422 \u041a\u0420\u0410\u0421\u0418\u0422\u0415\u041b\u0415\u0419 \u0418 \u041f\u0410\u0420\u0410\u0411\u0415\u041d\u041e\u0412<\/span><br \/>\n<span style=\"font-size: 14px;\">\u0418\u043d\u0441\u0442\u0440\u0443\u043a\u0446\u0438\u044f \u043f\u043e \u043f\u0440\u0438\u043c\u0435\u043d\u0435\u043d\u0438\u044e: \u0432 \u0442e\u043f\u043b\u0443\u044e \u0432\u043e\u0434\u0443 \u0432\u043b\u0438\u0442\u044c \u043d\u0435\u0431\u043e\u043b\u044c\u0448\u043e\u0435 \u043a\u043e\u043b\u0438\u0447\u0435\u0441\u0442\u0432\u043e \u043c\u0430\u0441\u043b\u0430. \u041f\u043e\u0441\u043b\u0435 \u043a\u0443\u043f\u0430\u043d\u0438\u044f \u0432\u044b\u0441\u0443\u0448\u0438\u0442\u044c \u0442\u0435\u043b\u043e \u043f\u043e\u043b\u043e\u0442\u0435\u043d\u0446\u0435\u043c.<\/span><br \/>\n<span style=\"font-size: 14px;\">\u0412\u043d\u0438\u043c\u0430\u043d\u0438\u0435: \u041d\u0435 \u0434\u043e\u043f\u0443\u0441\u043a\u0430\u0442\u044c \u043a\u043e\u043d\u0442\u0430\u043a\u0442\u0430 \u043d\u0435\u0440\u0430\u0437\u0431\u0430\u0432\u043b\u0435\u043d\u043d\u043e\u0433\u043e \u043f\u0440\u0435\u043f\u0430\u0440\u0430\u0442\u0430 \u0441 \u0433\u043b\u0430\u0437\u0430\u043c\u0438. \u0412\u043e \u0432\u0440\u0435\u043c\u044f \u043a\u0443\u043f\u0430\u043d\u0438\u044f \u0431\u044b\u0442\u044c \u0432\u043d\u0438\u043c\u0430\u0442\u0435\u043b\u044c\u043d\u044b\u043c, \u0447\u0442\u043e\u0431\u044b \u043d\u0435 \u043f\u043e\u0441\u043a\u043e\u043b\u044c\u0437\u043d\u0443\u0442\u044c\u0441\u044f.<\/span><br \/>\n<span style=\"font-size: 14px;\">\u0414\u0435\u0440\u043c\u0430\u0442\u043e\u043b\u043e\u0433\u0438\u0447\u0435\u0441\u043a\u0438 \u043f\u0440\u043e\u0442\u0435\u0441\u0442\u0438\u0440\u043e\u0432\u0430\u043d\u043e.<\/span><br \/>\n<span style=\"font-size: 14px;\">\u0423\u043f\u0430\u043a\u043e\u0432\u043a\u0430: 200 \u043c\u043b<\/span><\/p>\n","protected":false},"excerpt":{"rendered":"<p>Emolient na bazie oleju lnianego do sk\u00f3ry wra\u017cliwej, suchej i alergicznej. Dla dzieci i niemowl\u0105t od 1. miesi\u0105ca \u017cycia.<\/p>\n","protected":false},"featured_media":11166,"comment_status":"open","ping_status":"closed","template":"","meta":[],"product_cat":[754],"product_tag":[],"acf":[],"_links":{"self":[{"href":"https:\/\/ziololek.pl\/ru\/wp-json\/wp\/v2\/product\/1614"}],"collection":[{"href":"https:\/\/ziololek.pl\/ru\/wp-json\/wp\/v2\/product"}],"about":[{"href":"https:\/\/ziololek.pl\/ru\/wp-json\/wp\/v2\/types\/product"}],"replies":[{"embeddable":true,"href":"https:\/\/ziololek.pl\/ru\/wp-json\/wp\/v2\/comments?post=1614"}],"wp:featuredmedia":[{"embeddable":true,"href":"https:\/\/ziololek.pl\/ru\/wp-json\/wp\/v2\/media\/11166"}],"wp:attachment":[{"href":"https:\/\/ziololek.pl\/ru\/wp-json\/wp\/v2\/media?parent=1614"}],"wp:term":[{"taxonomy":"product_cat","embeddable":true,"href":"https:\/\/ziololek.pl\/ru\/wp-json\/wp\/v2\/product_cat?post=1614"},{"taxonomy":"product_tag","embeddable":true,"href":"https:\/\/ziololek.pl\/ru\/wp-json\/wp\/v2\/product_tag?post=1614"}],"curies":[{"name":"wp","href":"https:\/\/api.w.org\/{rel}","templated":true}]}}