{"id":1657,"date":"2018-07-31T10:31:05","date_gmt":"2018-07-31T08:31:05","guid":{"rendered":"https:\/\/ziololek.pl\/?post_type=product&#038;p=1657"},"modified":"2023-11-27T00:04:28","modified_gmt":"2023-11-26T23:04:28","slug":"aquastop-balsam-do-ust","status":"publish","type":"product","link":"https:\/\/ziololek.pl\/ru\/produkt\/aquastop-balsam-do-ust\/","title":{"rendered":"AQUASTOP\u00ae Balsam do ust"},"content":{"rendered":"<p><strong>Balsam piel\u0119gnacyjno- ochronny AQUASTOP<sup>\u00ae<\/sup>\u00a0<\/strong>to produkt z linii specjalistycznej, przeznaczony do ca\u0142orocznej ochrony ust przed wysuszeniem, spierzchni\u0119ciem i p\u0119kaniem. Doskonale zabezpiecza sk\u00f3r\u0119 ust wystawion\u0105 na dzia\u0142anie szkodliwych czynnik\u00f3w pogodowych (ujemnych temperatur, wiatru, s\u0142o\u0144ca). Jednocze\u015bnie mocno nat\u0142uszcza usta tworz\u0105c na ich powierzchni\u00a0 warstw\u0119 okluzyjn\u0105, zabezpieczaj\u0105c\u0105 przed utrat\u0105 wody.<\/p>\n<p><strong>W\u0142a\u015bciwo\u015bci:<\/strong><\/p>\n<ul>\n<li>Bezwodna formu\u0142a\u00a0 0% wody<\/li>\n<li>100% naturalny zapach i kolor<\/li>\n<li>Warstwa ochronna utrzymuje si\u0119 do 8h<\/li>\n<li>Krem nie zawiera paraben\u00f3w oraz substancji zapachowych<\/li>\n<\/ul>\n<p>Balsam AQUASTOP<sup>\u00ae<\/sup> od\u017cywia, chroni, \u0142agodzi, intensywnie regeneruje i nat\u0142uszcza dzi\u0119ki naturalnym sk\u0142adnikom:<\/p>\n<ul>\n<li><strong>Olej Jojoba\u00a0<\/strong>sk\u0142ad tego oleju jest bardzo bogaty, zawiera palmitynian cetylu (jeden z g\u0142\u00f3wnych sk\u0142adnik\u00f3w spermacetu) oraz skwalan i witamin\u0119 F. Wywiera silne dzia\u0142anie na sk\u00f3r\u0119 wzmacniaj\u0105c cement mi\u0119dzykom\u00f3rkowy. Sprawia, \u017ce sk\u00f3ra staj\u0119 si\u0119 g\u0142adsza, elastyczniejsza i spr\u0119\u017cysta.<\/li>\n<li><strong>Wosk pszczeli\u00a0<\/strong>b\u0119d\u0105cy produktem wytwarzanym przez m\u0142ode pszczo\u0142y z miodu i wydzieliny specjalnych gruczo\u0142\u00f3w woskowych posiada w\u0142a\u015bciwo\u015bci nat\u0142uszczaj\u0105ce i zmi\u0119kczaj\u0105ce, kt\u00f3re powoduj\u0105, \u017ce usta staj\u0105 si\u0119 g\u0142adkie i delikatne.<\/li>\n<li><strong>Witamina E\u00a0<\/strong>wykazuje dzia\u0142anie antyoksydacyjne w stosunku do lipid\u00f3w sk\u00f3ry, skutecznie chroni przed dzia\u0142aniem czynnik\u00f3w zewn\u0119trznych, natomiast w po\u0142\u0105czeniu z dzia\u0142aniem oleju jojoba skutecznie chroni usta\u00a0 przed nadmiernym promieniowaniem s\u0142onecznym. Pomaga r\u00f3wnie\u017c w tworzeniu kolagenu, jednocze\u015bnie poprawia j\u0119drno\u015b\u0107 sk\u00f3ry.<\/li>\n<\/ul>\n<p><em>\u00a0<\/em><\/p>\n","protected":false},"excerpt":{"rendered":"<p>Bezbarwny balsam bez zawarto\u015bci wody dla suchych, spierzchni\u0119tych i pop\u0119kanych ust.<\/p>\n","protected":false},"featured_media":11496,"comment_status":"open","ping_status":"closed","template":"","meta":[],"product_cat":[754],"product_tag":[],"acf":[],"_links":{"self":[{"href":"https:\/\/ziololek.pl\/ru\/wp-json\/wp\/v2\/product\/1657"}],"collection":[{"href":"https:\/\/ziololek.pl\/ru\/wp-json\/wp\/v2\/product"}],"about":[{"href":"https:\/\/ziololek.pl\/ru\/wp-json\/wp\/v2\/types\/product"}],"replies":[{"embeddable":true,"href":"https:\/\/ziololek.pl\/ru\/wp-json\/wp\/v2\/comments?post=1657"}],"wp:featuredmedia":[{"embeddable":true,"href":"https:\/\/ziololek.pl\/ru\/wp-json\/wp\/v2\/media\/11496"}],"wp:attachment":[{"href":"https:\/\/ziololek.pl\/ru\/wp-json\/wp\/v2\/media?parent=1657"}],"wp:term":[{"taxonomy":"product_cat","embeddable":true,"href":"https:\/\/ziololek.pl\/ru\/wp-json\/wp\/v2\/product_cat?post=1657"},{"taxonomy":"product_tag","embeddable":true,"href":"https:\/\/ziololek.pl\/ru\/wp-json\/wp\/v2\/product_tag?post=1657"}],"curies":[{"name":"wp","href":"https:\/\/api.w.org\/{rel}","templated":true}]}}