{"id":1699,"date":"2018-07-30T15:13:26","date_gmt":"2018-07-30T13:13:26","guid":{"rendered":"https:\/\/ziololek.pl\/?post_type=product&#038;p=1699"},"modified":"2023-11-27T00:03:55","modified_gmt":"2023-11-26T23:03:55","slug":"aquastop-krem-dla-noworodkow","status":"publish","type":"product","link":"https:\/\/ziololek.pl\/ru\/produkt\/aquastop-krem-dla-noworodkow\/","title":{"rendered":"AQUASTOP\u00ae \u043a\u0440\u0435\u043c \u0434\u043b\u044f \u043d\u043e\u0432\u043e\u0440\u043e\u0436\u0434\u0435\u043d\u043d\u044b\u0445"},"content":{"rendered":"<p><span style=\"font-size: 14px;\">\u041a\u0440\u0435\u043c \u043e\u0431\u043b\u0430\u0434\u0430\u0435\u0442 \u0441\u0432\u043e\u0439\u0441\u0442\u0432\u0430\u043c\u0438, \u043a\u043e\u0442\u043e\u0440\u044b\u0435 \u0443\u0441\u043f\u043e\u043a\u0430\u0438\u0432\u0430\u044e\u0442 \u0438 \u0441\u043c\u044f\u0433\u0447\u0430\u044e\u0442 \u0440\u0430\u0437\u0434\u0440\u0430\u0436\u0435\u043d\u0438\u044f. \u0411\u043b\u0430\u0433\u043e\u0434\u0430\u0440\u044f \u0441\u043f\u0435\u0446\u0438\u0430\u043b\u044c\u043d\u043e\u043c\u0443 \u0441\u043e\u0441\u0442\u0430\u0432\u0443 \u043a\u043e\u043c\u043f\u043e\u043d\u0435\u043d\u0442\u043e\u0432 \u043a\u0440\u0435\u043c \u043f\u0438\u0442\u0430\u0435\u0442 \u043a\u043e\u0436\u0443, \u0430 \u043e\u0431\u0440\u0430\u0437\u0443\u044e\u0449\u0438\u0439\u0441\u044f \u043d\u0430 \u0435e \u043f\u043e\u0432\u0435\u0440\u0445\u043d\u043e\u0441\u0442\u0438 \u0437\u0430\u0449\u0438\u0442\u043d\u044b\u0439 \u0444\u0438\u043b\u044c\u0442\u0440 \u0437\u0430\u0449\u0438\u0449\u0430\u0435\u0442 \u043a\u043e\u0436\u0443 \u043e\u0442 \u043f\u043e\u0442\u0435\u0440\u0438 \u0432\u043b\u0430\u0433\u0438 \u0438 \u0432\u043e\u0437\u0434\u0435\u0439\u0441\u0442\u0432\u0438\u044f \u0432\u043d\u0435\u0448\u043d\u0438\u0445 \u0444\u0430\u043a\u0442\u043e\u0440\u043e\u0432, \u043e\u0431\u0435\u0441\u043f\u0435\u0447\u0438\u0432\u0430\u044f \u044d\u0444\u0444\u0435\u043a\u0442\u0438\u0432\u043d\u0443\u044e \u0438 \u0434\u043e\u043b\u0433\u043e\u0441\u0440\u043e\u0447\u043d\u0443\u044e \u0437\u0430\u0449\u0438\u0442\u0443.<\/span><\/p>\n<p><span style=\"font-size: 14px;\">\u041a\u0440\u0435\u043c\u00a0AQUASTOP<sup>\u00ae<\/sup>\u00a0\u043c\u043e\u0436\u0435\u0442 \u0431\u044b\u0442\u044c \u0438\u0441\u043f\u043e\u043b\u044c\u0437\u043e\u0432\u0430\u043d \u0434\u043b\u044f \u043e\u0431\u044b\u0447\u043d\u043e\u0433\u043e \u0443\u0445\u043e\u0434\u0430 \u0437\u0430 \u043d\u043e\u0432\u043e\u0440\u043e\u0436\u0434\u0435\u043d\u043d\u044b\u043c\u0438, \u0437\u0430\u0449\u0438\u0449\u0430\u044f \u043f\u0440\u0438 \u044d\u0442\u043e\u043c \u043d\u0435\u0436\u043d\u0443\u044e, \u0435\u0441\u0442\u0435\u0441\u0442\u0432\u0435\u043d\u043d\u043e \u0447\u0443\u0432\u0441\u0442\u0432\u0438\u0442\u0435\u043b\u044c\u043d\u0443\u044e \u043a\u043e\u0436\u0443, \u043f\u043e\u0434\u0432\u0435\u0440\u0436\u0435\u043d\u043d\u0443\u044e \u0434\u0435\u0439\u0441\u0442\u0432\u0438\u044f\u043c \u0440\u0430\u0437\u043b\u0438\u0447\u043d\u044b\u0445 \u0432\u043d\u0435\u0448\u043d\u0438\u0445 \u0444\u0430\u043a\u0442\u043e\u0440\u043e\u0432. \u042d\u0442\u043e \u043e\u0441\u043e\u0431\u0435\u043d\u043d\u043e \u0432\u0430\u0436\u043d\u043e \u0443 \u0434\u0435\u0442\u0435\u0439, \u0440\u043e\u0436\u0434\u0435\u043d\u043d\u044b\u0445 \u043f\u0440\u0435\u0436\u0434\u0435\u0432\u0440\u0435\u043c\u0435\u043d\u043d\u043e \u0441 \u043e\u0447\u0435\u043d\u044c \u043d\u0438\u0437\u043a\u043e\u0439 \u043c\u0430\u0441\u0441\u043e\u0439 \u0442\u0435\u043b\u0430, \u043a\u043e\u0436\u0430 \u043a\u043e\u0442\u043e\u0440\u044b\u0445 \u0431\u043e\u043b\u0435\u0435 \u0432\u043e\u0441\u043f\u0440\u0438\u0438\u043c\u0447\u0438\u0432\u0430 \u043a \u0432\u044b\u0441\u044b\u0445\u0430\u043d\u0438\u044e, \u0430 \u043d\u0435\u0437\u043d\u0430\u0447\u0438\u0442\u0435\u043b\u044c\u043d\u044b\u0435 \u0441\u0441\u0430\u0434\u0438\u043d\u044b \u0438\u00a0\u043c\u0438\u043a\u0440\u043e\u043f\u043e\u0432\u0440\u0435\u0436\u0434\u0435\u043d\u0438\u044f \u043c\u043e\u0433\u0443\u0442 \u0441\u0442\u0430\u0442\u044c \u043f\u0440\u0438\u0447\u0438\u043d\u043e\u0439 \u043f\u0440\u043e\u043d\u0438\u043a\u043d\u043e\u0432\u0435\u043d\u0438\u044f \u0431\u0430\u043a\u0442\u0435\u0440\u0438\u0439 \u0438 \u0440\u0430\u0437\u0432\u0438\u0442\u0438\u044f \u0438\u043d\u0444\u0435\u043a\u0446\u0438\u0438.<\/span><\/p>\n<ul>\n<li><span style=\"font-size: 14px;\">\u0434\u043b\u044f \u0437\u0430\u0449\u0438\u0442\u044b \u043a\u043e\u0436\u0438 \u043e\u0442 \u043c\u043e\u0440\u043e\u0437\u0430, \u0432\u0435\u0442\u0440\u0430 \u0438 \u0432\u043d\u0435\u0448\u043d\u0438\u0445 \u0444\u0430\u043a\u0442\u043e\u0440\u043e\u0432;<\/span><\/li>\n<li><span style=\"font-size: 14px;\">\u0434\u043b\u044f \u0434\u0435\u0442\u0435\u0439 \u0440\u043e\u0436\u0434\u0435\u043d\u043d\u044b\u0445 \u043f\u0440\u0435\u0436\u0434\u0435\u0432\u0440\u0435\u043c\u0435\u043d\u043d\u043e \u0434\u043b\u044f \u0443\u0445\u043e\u0434\u0430 \u0438 \u0437\u0430\u0449\u0438\u0442\u044b \u043a\u043e\u0436\u0438 \u043e\u0442 \u043f\u043e\u0442\u0435\u0440\u0438 \u0432\u043b\u0430\u0433\u0438;<\/span><\/li>\n<li><span style=\"font-size: 14px;\">\u0437\u0430\u0449\u0438\u0442\u0430 \u043a\u043e\u0436\u0438 \u0438 \u043f\u0440\u043e\u0444\u0438\u043b\u0430\u043a\u0442\u0438\u043a\u0430 \u043e\u043f\u0440\u0435\u043b\u043e\u0441\u0442\u0435\u0439 \u0434\u043b\u044f \u043c\u043b\u0430\u0434\u0435\u043d\u0446\u0435\u0432 \u0438 \u0434\u0435\u0442\u0435\u0439;<\/span><\/li>\n<li><span style=\"font-size: 14px;\">\u0434\u043b\u044f \u0432\u0437\u0440\u043e\u0441\u043b\u044b\u0445 \u0434\u043b\u044f \u0443\u0445\u043e\u0434\u0430 \u0437\u0430 \u0441\u0443\u0445\u043e\u0439 \u043a\u043e\u0436\u0435\u0439;<\/span><\/li>\n<\/ul>\n<p><span style=\"font-size: 14px;\"><strong>\u041f\u0440\u043e\u0442\u0438\u0432\u043e\u043f\u043e\u043a\u0430\u0437\u0430\u043d\u0438\u044f<\/strong>:\u00a0\u041d\u0435 \u0438\u0441\u043f\u043e\u043b\u044c\u0437\u043e\u0432\u0430\u0442\u044c \u043f\u0440\u0438 \u043f\u043e\u0432\u044b\u0448\u0435\u043d\u043d\u043e\u0439 \u0447\u0443\u0432\u0441\u0442\u0432\u0438\u0442\u0435\u043b\u044c\u043d\u043e\u0441\u0442\u0438 \u043a \u043f\u0440\u043e\u0438\u0437\u0432\u043e\u0434\u043d\u044b\u043c \u043b\u0430\u043d\u043e\u043b\u0438\u043da.<\/span><span style=\"font-size: 14px;\"><br \/>\n<strong>\u041e\u0431\u044a\u0435\u043c<\/strong>:\u00a050 \u043c\u043b<\/span><\/p>\n","protected":false},"excerpt":{"rendered":"<p>Krem piel\u0119gnacyjno-ochronny do sk\u00f3ry suchej, niedojrza\u0142ej i sk\u0142onnej do utraty wody. Dla dzieci i niemowl\u0105t od 1. dnia \u017cycia.<\/p>\n","protected":false},"featured_media":11471,"comment_status":"open","ping_status":"closed","template":"","meta":[],"product_cat":[754],"product_tag":[],"acf":[],"_links":{"self":[{"href":"https:\/\/ziololek.pl\/ru\/wp-json\/wp\/v2\/product\/1699"}],"collection":[{"href":"https:\/\/ziololek.pl\/ru\/wp-json\/wp\/v2\/product"}],"about":[{"href":"https:\/\/ziololek.pl\/ru\/wp-json\/wp\/v2\/types\/product"}],"replies":[{"embeddable":true,"href":"https:\/\/ziololek.pl\/ru\/wp-json\/wp\/v2\/comments?post=1699"}],"wp:featuredmedia":[{"embeddable":true,"href":"https:\/\/ziololek.pl\/ru\/wp-json\/wp\/v2\/media\/11471"}],"wp:attachment":[{"href":"https:\/\/ziololek.pl\/ru\/wp-json\/wp\/v2\/media?parent=1699"}],"wp:term":[{"taxonomy":"product_cat","embeddable":true,"href":"https:\/\/ziololek.pl\/ru\/wp-json\/wp\/v2\/product_cat?post=1699"},{"taxonomy":"product_tag","embeddable":true,"href":"https:\/\/ziololek.pl\/ru\/wp-json\/wp\/v2\/product_tag?post=1699"}],"curies":[{"name":"wp","href":"https:\/\/api.w.org\/{rel}","templated":true}]}}