{"id":17717,"date":"2024-10-07T13:17:13","date_gmt":"2024-10-07T11:17:13","guid":{"rendered":"https:\/\/ziololek.pl\/?page_id=17717"},"modified":"2025-07-15T15:28:25","modified_gmt":"2025-07-15T13:28:25","slug":"polpharma-przejmuje-ziololek","status":"publish","type":"page","link":"https:\/\/ziololek.pl\/uk\/polpharma-przejmuje-ziololek\/","title":{"rendered":"Polpharma przejmuje Zio\u0142olek"},"content":{"rendered":"<h2><strong>Z.F. Polpharma S.A. (\u201ePolpharma\u201d), lider polskiego rynku farmaceutycznego, zosta\u0142a wi\u0119kszo\u015bciowym udzia\u0142owcem sp\u00f3\u0142ki Zio\u0142olek, pozna\u0144skiego producenta produkt\u00f3w dermatologicznych, wyrob\u00f3w medycznych i lek\u00f3w OTC, m.in. znanej marki Linomag w postaci kremu i ma\u015bci.<\/strong><\/h2>\n<p>&nbsp;<\/p>\n<p><strong>Wzmocnienie pozycji rynkowej<\/strong><\/p>\n<p>Polpharma, z\u00a0prawie 90-letni\u0105 histori\u0105, jest jednym z\u00a0najwi\u0119kszych producent\u00f3w lek\u00f3w<br \/>\nw Europie \u015arodkowo-Wschodniej. Dzi\u0119ki przej\u0119ciu Zio\u0142oleku, Polpharma planuje rozszerzy\u0107 swoj\u0105 ofert\u0119 o\u00a0unikalne produkty, g\u0142\u00f3wnie z\u00a0kategorii dermatologicznej, kt\u00f3re dotychczas nie\u00a0by\u0142y produkowane w\u00a0jej zak\u0142adach, m.in.\u00a0o\u00a0mark\u0119 Linomag.<\/p>\n<p>Linomag to\u00a0znana marka produkt\u00f3w dermatologicznych, szczeg\u00f3lnie ma\u015bci, kt\u00f3re s\u0105\u00a0stosowane w\u00a0leczeniu r\u00f3\u017cnych problem\u00f3w sk\u00f3rnych, takich jak wyprysk, \u0142uszczyca, odparzenia i\u00a0nadmierna sucho\u015b\u0107 sk\u00f3ry. Produkty te\u00a0zawieraj\u0105 olej lniany, kt\u00f3ry\u00a0nat\u0142uszcza sk\u00f3r\u0119, chroni j\u0105\u00a0przed\u00a0utrat\u0105 wody i\u00a0wspomaga jej regeneracj\u0119.<\/p>\n<p>\u201eWierzymy, \u017ce\u00a0\u0142\u0105cz\u0105c potencja\u0142 komercyjny Polpharmy oraz\u00a0zaplecze produkcyjno-rozwojowe Zio\u0142oleku zdob\u0119dziemy nowe mo\u017cliwo\u015bci rozwojowe dla kosmetyk\u00f3w, wyrob\u00f3w medycznych, a\u00a0przede wszystkim lek\u00f3w z\u00a0grupy dermatologicznej (m.in.\u00a0ma\u015bci i\u00a0krem\u00f3w), kt\u00f3rych\u00a0Polpharma nie\u00a0posiada w\u00a0swoich istniej\u0105cych miejscach produkcji\u201d \u2013 m\u00f3wi Sebastian Szymanek, Prezes Zarz\u0105du Polpharmy.<\/p>\n<p>&nbsp;<\/p>\n<p><img decoding=\"async\" loading=\"lazy\" class=\"alignnone size-full wp-image-17778\" src=\"https:\/\/ziololek.pl\/wp-content\/uploads\/2025\/06\/logo-polpharma.png\" alt=\"\" width=\"161\" height=\"30\" srcset=\"https:\/\/ziololek.pl\/wp-content\/uploads\/2025\/06\/logo-polpharma.png 161w, https:\/\/ziololek.pl\/wp-content\/uploads\/2025\/06\/logo-polpharma-100x19.png 100w\" sizes=\"(max-width: 161px) 100vw, 161px\" \/><\/p>\n","protected":false},"excerpt":{"rendered":"<p>Z.F. Polpharma S.A. (\u201ePolpharma\u201d), lider polskiego rynku farmaceutycznego, zosta\u0142a wi\u0119kszo\u015bciowym udzia\u0142owcem sp\u00f3\u0142ki Zio\u0142olek, pozna\u0144skiego producenta produkt\u00f3w dermatologicznych, wyrob\u00f3w medycznych i lek\u00f3w OTC, m.in. znanej marki Linomag w postaci kremu i ma\u015bci. &nbsp; Wzmocnienie pozycji rynkowej Polpharma, z\u00a0prawie 90-letni\u0105 histori\u0105, jest jednym z\u00a0najwi\u0119kszych producent\u00f3w lek\u00f3w w Europie \u015arodkowo-Wschodniej. Dzi\u0119ki przej\u0119ciu Zio\u0142oleku, Polpharma planuje rozszerzy\u0107 swoj\u0105 ofert\u0119 [&hellip;]<\/p>\n","protected":false},"author":2670,"featured_media":0,"parent":0,"menu_order":0,"comment_status":"closed","ping_status":"closed","template":"","meta":{"footnotes":""},"acf":[],"_links":{"self":[{"href":"https:\/\/ziololek.pl\/uk\/wp-json\/wp\/v2\/pages\/17717"}],"collection":[{"href":"https:\/\/ziololek.pl\/uk\/wp-json\/wp\/v2\/pages"}],"about":[{"href":"https:\/\/ziololek.pl\/uk\/wp-json\/wp\/v2\/types\/page"}],"author":[{"embeddable":true,"href":"https:\/\/ziololek.pl\/uk\/wp-json\/wp\/v2\/users\/2670"}],"replies":[{"embeddable":true,"href":"https:\/\/ziololek.pl\/uk\/wp-json\/wp\/v2\/comments?post=17717"}],"version-history":[{"count":6,"href":"https:\/\/ziololek.pl\/uk\/wp-json\/wp\/v2\/pages\/17717\/revisions"}],"predecessor-version":[{"id":17783,"href":"https:\/\/ziololek.pl\/uk\/wp-json\/wp\/v2\/pages\/17717\/revisions\/17783"}],"wp:attachment":[{"href":"https:\/\/ziololek.pl\/uk\/wp-json\/wp\/v2\/media?parent=17717"}],"curies":[{"name":"wp","href":"https:\/\/api.w.org\/{rel}","templated":true}]}}